{"id":6366,"date":"2023-11-22T12:01:42","date_gmt":"2023-11-22T17:01:42","guid":{"rendered":"https:\/\/hades.unisangil.edu.co\/?page_id=6366"},"modified":"2023-11-28T15:52:58","modified_gmt":"2023-11-28T20:52:58","slug":"sede-yopal-posgrados-copy","status":"publish","type":"page","link":"https:\/\/unisangil.edu.co\/?page_id=6366","title":{"rendered":"Laboratorios"},"content":{"rendered":"\t\t<div data-elementor-type=\"wp-page\" data-elementor-id=\"6366\" class=\"elementor elementor-6366\" data-elementor-post-type=\"page\">\n\t\t\t\t\t\t<section class=\"elementor-section elementor-top-section elementor-element elementor-element-dd9c7a7 elementor-section-height-min-height elementor-section-boxed elementor-section-height-default elementor-section-items-middle\" data-id=\"dd9c7a7\" data-element_type=\"section\" data-e-type=\"section\" data-settings=\"{&quot;background_background&quot;:&quot;video&quot;,&quot;background_video_link&quot;:&quot;wp-content\\\/uploads\\\/Documentos\\\/videos\\\/lab_aguas_1.mp4&quot;,&quot;background_video_start&quot;:0,&quot;animation&quot;:&quot;none&quot;,&quot;background_play_on_mobile&quot;:&quot;yes&quot;}\">\n\t\t\t\t\t\t\t\t<div class=\"elementor-background-video-container\">\n\t\t\t\t\t\t\t\t\t\t\t\t\t<video class=\"elementor-background-video-hosted\" role=\"presentation\" autoplay muted playsinline loop><\/video>\n\t\t\t\t\t\t\t\t\t\t\t<\/div>\n\t\t\t\t\t\t\t\t\t<div class=\"elementor-background-overlay\"><\/div>\n\t\t\t\t\t\t\t<div class=\"elementor-container elementor-column-gap-default\">\n\t\t\t\t\t<div class=\"elementor-column elementor-col-100 elementor-top-column elementor-element elementor-element-130e9ccb\" data-id=\"130e9ccb\" data-element_type=\"column\" data-e-type=\"column\">\n\t\t\t<div class=\"elementor-widget-wrap\">\n\t\t\t\t\t\t\t<\/div>\n\t\t<\/div>\n\t\t\t\t\t<\/div>\n\t\t<\/section>\n\t\t\t\t<section class=\"elementor-section elementor-top-section elementor-element elementor-element-617622b elementor-section-boxed elementor-section-height-default elementor-section-height-default\" data-id=\"617622b\" data-element_type=\"section\" data-e-type=\"section\">\n\t\t\t\t\t\t<div class=\"elementor-container elementor-column-gap-default\">\n\t\t\t\t\t<div class=\"elementor-column elementor-col-50 elementor-top-column elementor-element elementor-element-ef5036a elementor-invisible\" data-id=\"ef5036a\" data-element_type=\"column\" data-e-type=\"column\" data-settings=\"{&quot;background_background&quot;:&quot;gradient&quot;,&quot;motion_fx_motion_fx_mouse&quot;:&quot;yes&quot;,&quot;animation&quot;:&quot;slideInLeft&quot;}\">\n\t\t\t<div class=\"elementor-widget-wrap elementor-element-populated\">\n\t\t\t\t\t\t<div class=\"elementor-element elementor-element-797a46b elementor-widget elementor-widget-icon-box\" data-id=\"797a46b\" data-element_type=\"widget\" data-e-type=\"widget\" data-widget_type=\"icon-box.default\">\n\t\t\t\t<div class=\"elementor-widget-container\">\n\t\t\t\t\t\t\t<div class=\"elementor-icon-box-wrapper\">\n\n\t\t\t\n\t\t\t\t\t\t<div class=\"elementor-icon-box-content\">\n\n\t\t\t\t\t\t\t\t\t<h3 class=\"elementor-icon-box-title\">\n\t\t\t\t\t\t<span  >\n\t\t\t\t\t\t\tLABORATORIOS\t\t\t\t\t\t<\/span>\n\t\t\t\t\t<\/h3>\n\t\t\t\t\n\t\t\t\t\n\t\t\t<\/div>\n\t\t\t\n\t\t<\/div>\n\t\t\t\t\t\t<\/div>\n\t\t\t\t<\/div>\n\t\t\t\t\t<\/div>\n\t\t<\/div>\n\t\t\t\t<div class=\"elementor-column elementor-col-50 elementor-top-column elementor-element elementor-element-acf5d87\" data-id=\"acf5d87\" data-element_type=\"column\" data-e-type=\"column\">\n\t\t\t<div class=\"elementor-widget-wrap\">\n\t\t\t\t\t\t\t<\/div>\n\t\t<\/div>\n\t\t\t\t\t<\/div>\n\t\t<\/section>\n\t\t<div class=\"elementor-element elementor-element-338ef48 e-flex e-con-boxed e-con e-parent\" data-id=\"338ef48\" data-element_type=\"container\" data-e-type=\"container\">\n\t\t\t\t\t<div class=\"e-con-inner\">\n\t\t<div class=\"elementor-element elementor-element-ef98f21 e-con-full e-flex e-con e-child\" data-id=\"ef98f21\" data-element_type=\"container\" data-e-type=\"container\">\n\t\t\t\t<div class=\"elementor-element elementor-element-01113c3 elementor-widget__width-initial eael-infobox-shape-circle eael-infobox-hover-img-shape-circle eael-infobox-content-align--center elementor-invisible elementor-widget elementor-widget-eael-info-box\" data-id=\"01113c3\" data-element_type=\"widget\" data-e-type=\"widget\" data-settings=\"{&quot;motion_fx_motion_fx_mouse&quot;:&quot;yes&quot;,&quot;_animation&quot;:&quot;fadeInUp&quot;}\" data-widget_type=\"eael-info-box.default\">\n\t\t\t\t<div class=\"elementor-widget-container\">\n\t\t\t\t\t        <div class=\"eael-infobox icon-on-top\">\n\t            <div class=\"infobox-icon\">\n\n                            <img decoding=\"async\" src=\"https:\/\/unisangil.edu.co\/wp-content\/uploads\/2023\/11\/lab_enfermeria.jpg\" alt=\"\">\n            \n            \n            \n        <\/div>\n            <div class=\"infobox-content\">\n                    <div class=\"infobox-title-section\">\n                <h2 class=\"title\">Laboratorio de Enfermer\u00eda<\/h2>            <\/div>\n                    <div class=\"infobox-button\">\n            <a class=\"eael-infobox-button\" href=\"?page_id=2885\">\n                                                <span class=\"infobox-button-text\">Ver m\u00e1s<\/span>\n                            <\/a>\n        <\/div>\n            <\/div>\n            <\/div>\n\n\t\t\t\t\t\t<\/div>\n\t\t\t\t<\/div>\n\t\t\t\t<\/div>\n\t\t<div class=\"elementor-element elementor-element-09fbf9a e-con-full e-flex e-con e-child\" data-id=\"09fbf9a\" data-element_type=\"container\" data-e-type=\"container\">\n\t\t\t\t<div class=\"elementor-element elementor-element-2488567 elementor-widget__width-initial elementor-widget elementor-widget-text-editor\" data-id=\"2488567\" data-element_type=\"widget\" data-e-type=\"widget\" data-widget_type=\"text-editor.default\">\n\t\t\t\t<div class=\"elementor-widget-container\">\n\t\t\t\t\t\t\t\t\t<p>Los laboratorios de enfermer\u00eda en nuestra universidad son espacios dise\u00f1ados para brindar a los estudiantes de enfermer\u00eda una experiencia educativa pr\u00e1ctica y enriquecedora. Equipados con tecnolog\u00eda de vanguardia y simuladores de pacientes de \u00faltima generaci\u00f3n, estos laboratorios ofrecen un ambiente realista que permite a los estudiantes desarrollar y perfeccionar habilidades cl\u00ednicas cruciales. Aqu\u00ed, los futuros profesionales de la enfermer\u00eda tienen la oportunidad de aplicar teor\u00edas aprendidas en aulas, practicar procedimientos m\u00e9dicos, y adquirir destrezas de comunicaci\u00f3n efectiva. Supervisados por instructores expertos, los estudiantes trabajan en escenarios simulados que replican situaciones cl\u00ednicas diversas, prepar\u00e1ndolos para enfrentar los desaf\u00edos del entorno de atenci\u00f3n m\u00e9dica. Estos laboratorios no solo fomentan el aprendizaje pr\u00e1ctico, sino que tambi\u00e9n cultivan la confianza y la competencia necesarias para brindar atenci\u00f3n de calidad en el \u00e1mbito de la enfermer\u00eda.<\/p>\t\t\t\t\t\t\t\t<\/div>\n\t\t\t\t<\/div>\n\t\t\t\t<\/div>\n\t\t\t\t\t<\/div>\n\t\t\t\t<\/div>\n\t\t<div class=\"elementor-element elementor-element-0e98495 e-flex e-con-boxed e-con e-parent\" data-id=\"0e98495\" data-element_type=\"container\" data-e-type=\"container\">\n\t\t\t\t\t<div class=\"e-con-inner\">\n\t\t<div class=\"elementor-element elementor-element-161a549 e-con-full e-flex e-con e-child\" data-id=\"161a549\" data-element_type=\"container\" data-e-type=\"container\">\n\t\t\t\t<div class=\"elementor-element elementor-element-590a2f0 elementor-widget__width-initial eael-infobox-shape-circle eael-infobox-hover-img-shape-circle eael-infobox-content-align--center elementor-invisible elementor-widget elementor-widget-eael-info-box\" data-id=\"590a2f0\" data-element_type=\"widget\" data-e-type=\"widget\" data-settings=\"{&quot;motion_fx_motion_fx_mouse&quot;:&quot;yes&quot;,&quot;_animation&quot;:&quot;fadeInUp&quot;}\" data-widget_type=\"eael-info-box.default\">\n\t\t\t\t<div class=\"elementor-widget-container\">\n\t\t\t\t\t        <div class=\"eael-infobox icon-on-top\">\n\t            <div class=\"infobox-icon\">\n\n                            <img decoding=\"async\" src=\"https:\/\/unisangil.edu.co\/wp-content\/uploads\/2023\/11\/lab_aguas-1.jpg\" alt=\"\">\n            \n            \n            \n        <\/div>\n            <div class=\"infobox-content\">\n                    <div class=\"infobox-title-section\">\n                <h2 class=\"title\">Laboratorio de Aguas<\/h2>            <\/div>\n                    <div class=\"infobox-button\">\n            <a class=\"eael-infobox-button\" href=\"?page_id=6287\">\n                                                <span class=\"infobox-button-text\">Ver m\u00e1s<\/span>\n                            <\/a>\n        <\/div>\n            <\/div>\n            <\/div>\n\n\t\t\t\t\t\t<\/div>\n\t\t\t\t<\/div>\n\t\t\t\t<\/div>\n\t\t<div class=\"elementor-element elementor-element-bceb8df e-con-full e-flex e-con e-child\" data-id=\"bceb8df\" data-element_type=\"container\" data-e-type=\"container\">\n\t\t\t\t<div class=\"elementor-element elementor-element-166b51f elementor-widget__width-initial elementor-widget elementor-widget-text-editor\" data-id=\"166b51f\" data-element_type=\"widget\" data-e-type=\"widget\" data-widget_type=\"text-editor.default\">\n\t\t\t\t<div class=\"elementor-widget-container\">\n\t\t\t\t\t\t\t\t\t<p>El laboratorio de aguas de nuestra universidad es un centro especializado que se dedica al an\u00e1lisis y estudio de la calidad del agua. Equipado con tecnolog\u00eda avanzada y herramientas especializadas, este laboratorio desempe\u00f1a un papel fundamental en la formaci\u00f3n acad\u00e9mica y en la investigaci\u00f3n aplicada. Aqu\u00ed, los estudiantes tienen la oportunidad de realizar pruebas detalladas para evaluar la composici\u00f3n qu\u00edmica, microbiol\u00f3gica y f\u00edsica del agua. Estos an\u00e1lisis son esenciales para comprender y abordar los desaf\u00edos asociados con la gesti\u00f3n sostenible del agua. Supervisados por profesionales expertos, los estudiantes desarrollan habilidades pr\u00e1cticas, aprenden protocolos de muestreo y contribuyen al conocimiento cient\u00edfico en el \u00e1mbito de la calidad del agua. Este laboratorio no solo sirve como un espacio de aprendizaje vital para la formaci\u00f3n de profesionales en ciencias ambientales, sino que tambi\u00e9n desempe\u00f1a un papel activo en la contribuci\u00f3n a la seguridad y preservaci\u00f3n de los recursos h\u00eddricos en nuestra comunidad y m\u00e1s all\u00e1.<\/p>\t\t\t\t\t\t\t\t<\/div>\n\t\t\t\t<\/div>\n\t\t\t\t<\/div>\n\t\t\t\t\t<\/div>\n\t\t\t\t<\/div>\n\t\t<div class=\"elementor-element elementor-element-6fd61a8 e-flex e-con-boxed e-con e-parent\" data-id=\"6fd61a8\" data-element_type=\"container\" data-e-type=\"container\">\n\t\t\t\t\t<div class=\"e-con-inner\">\n\t\t<div class=\"elementor-element elementor-element-1ff6203 e-con-full e-flex e-con e-child\" data-id=\"1ff6203\" data-element_type=\"container\" data-e-type=\"container\">\n\t\t\t\t<div class=\"elementor-element elementor-element-fe3ba92 elementor-widget__width-initial eael-infobox-shape-circle eael-infobox-hover-img-shape-circle eael-infobox-content-align--center elementor-invisible elementor-widget elementor-widget-eael-info-box\" data-id=\"fe3ba92\" data-element_type=\"widget\" data-e-type=\"widget\" data-settings=\"{&quot;motion_fx_motion_fx_mouse&quot;:&quot;yes&quot;,&quot;_animation&quot;:&quot;fadeInUp&quot;}\" data-widget_type=\"eael-info-box.default\">\n\t\t\t\t<div class=\"elementor-widget-container\">\n\t\t\t\t\t        <div class=\"eael-infobox icon-on-top\">\n\t            <div class=\"infobox-icon\">\n\n                            <img decoding=\"async\" src=\"https:\/\/unisangil.edu.co\/wp-content\/uploads\/2023\/11\/lab_mantenimiento.jpg\" alt=\"\">\n            \n            \n            \n        <\/div>\n            <div class=\"infobox-content\">\n                    <div class=\"infobox-title-section\">\n                <h2 class=\"title\">Laboratorio de Mantenimiento<\/h2>            <\/div>\n                    <div class=\"infobox-button\">\n            <a class=\"eael-infobox-button\" href=\"?page_id=6354\">\n                                                <span class=\"infobox-button-text\">Ver m\u00e1s<\/span>\n                            <\/a>\n        <\/div>\n            <\/div>\n            <\/div>\n\n\t\t\t\t\t\t<\/div>\n\t\t\t\t<\/div>\n\t\t\t\t<\/div>\n\t\t<div class=\"elementor-element elementor-element-fdadd14 e-con-full e-flex e-con e-child\" data-id=\"fdadd14\" data-element_type=\"container\" data-e-type=\"container\">\n\t\t\t\t<div class=\"elementor-element elementor-element-79ee958 elementor-widget__width-initial elementor-widget elementor-widget-text-editor\" data-id=\"79ee958\" data-element_type=\"widget\" data-e-type=\"widget\" data-widget_type=\"text-editor.default\">\n\t\t\t\t<div class=\"elementor-widget-container\">\n\t\t\t\t\t\t\t\t\t<p>El laboratorio de mantenimiento de nuestra universidad es un espacio dedicado a la formaci\u00f3n pr\u00e1ctica y al desarrollo de habilidades t\u00e9cnicas esenciales. Equipado con herramientas avanzadas y tecnolog\u00eda especializada, este laboratorio proporciona a los estudiantes una plataforma para adquirir experiencia pr\u00e1ctica en la reparaci\u00f3n y mantenimiento de equipos. Bajo la supervisi\u00f3n de instructores especializados, los estudiantes tienen la oportunidad de aplicar conceptos te\u00f3ricos en entornos pr\u00e1cticos, abordando desaf\u00edos del mundo real. Desde la reparaci\u00f3n de equipos electr\u00f3nicos hasta la resoluci\u00f3n de problemas mec\u00e1nicos, el laboratorio de mantenimiento no solo fortalece las habilidades t\u00e9cnicas, sino que tambi\u00e9n fomenta el pensamiento anal\u00edtico y la toma de decisiones en el campo del mantenimiento y la reparaci\u00f3n. Este espacio refleja el compromiso de nuestra universidad con la formaci\u00f3n integral y la preparaci\u00f3n de profesionales t\u00e9cnicos altamente capacitados.<\/p>\t\t\t\t\t\t\t\t<\/div>\n\t\t\t\t<\/div>\n\t\t\t\t<\/div>\n\t\t\t\t\t<\/div>\n\t\t\t\t<\/div>\n\t\t<div class=\"elementor-element elementor-element-82ca74e e-flex e-con-boxed e-con e-parent\" data-id=\"82ca74e\" data-element_type=\"container\" data-e-type=\"container\" data-settings=\"{&quot;background_background&quot;:&quot;classic&quot;}\">\n\t\t\t\t\t<div class=\"e-con-inner\">\n\t\t\t\t\t<\/div>\n\t\t\t\t<\/div>\n\t\t\t\t<\/div>\n\t\t","protected":false},"excerpt":{"rendered":"<p>LABORATORIOS Laboratorio de Enfermer\u00eda Ver m\u00e1s Los laboratorios de enfermer\u00eda en nuestra universidad son espacios dise\u00f1ados para brindar a los estudiantes de enfermer\u00eda una experiencia educativa pr\u00e1ctica y enriquecedora. Equipados con tecnolog\u00eda de vanguardia y simuladores de pacientes de \u00faltima generaci\u00f3n, estos laboratorios ofrecen un ambiente realista que permite a los estudiantes desarrollar y perfeccionar [&hellip;]<\/p>\n","protected":false},"author":2,"featured_media":0,"parent":0,"menu_order":0,"comment_status":"closed","ping_status":"closed","template":"","meta":{"footnotes":""},"class_list":["post-6366","page","type-page","status-publish","hentry"],"yoast_head":"<!-- This site is optimized with the Yoast SEO plugin v25.6 - https:\/\/yoast.com\/wordpress\/plugins\/seo\/ -->\n<title>Laboratorios - UNISANGIL<\/title>\n<meta name=\"description\" content=\"La palabra administraci\u00f3n tiene su origen etimol\u00f3gico del lat\u00edn ad, que significa: hacia, direcci\u00f3n, tendencia; y minister que significa: subordinaci\u00f3n, obediencia, al servicio de\u2019; y significa \u201caquel que realiza una funci\u00f3n bajo el mando de otro\u201d; es decir, \u201caquel que presta un servicio a otro\u201d, \u201cestar al servicio de otro\u201d de la sociedad, volvi\u00e9ndola m\u00e1s productiva (eficiencia), para el cumplimiento de sus objetivos (eficacia).\" \/>\n<meta name=\"robots\" content=\"index, follow, max-snippet:-1, max-image-preview:large, max-video-preview:-1\" \/>\n<link rel=\"canonical\" href=\"https:\/\/unisangil.edu.co\/?page_id=6366\" \/>\n<meta property=\"og:locale\" content=\"es_ES\" \/>\n<meta property=\"og:type\" content=\"article\" \/>\n<meta property=\"og:title\" content=\"Laboratorios - UNISANGIL\" \/>\n<meta property=\"og:description\" content=\"La palabra administraci\u00f3n tiene su origen etimol\u00f3gico del lat\u00edn ad, que significa: hacia, direcci\u00f3n, tendencia; y minister que significa: subordinaci\u00f3n, obediencia, al servicio de\u2019; y significa \u201caquel que realiza una funci\u00f3n bajo el mando de otro\u201d; es decir, \u201caquel que presta un servicio a otro\u201d, \u201cestar al servicio de otro\u201d de la sociedad, volvi\u00e9ndola m\u00e1s productiva (eficiencia), para el cumplimiento de sus objetivos (eficacia).\" \/>\n<meta property=\"og:url\" content=\"https:\/\/unisangil.edu.co\/?page_id=6366\" \/>\n<meta property=\"og:site_name\" content=\"UNISANGIL\" \/>\n<meta property=\"article:publisher\" content=\"https:\/\/www.facebook.com\/UNISANGIL\" \/>\n<meta property=\"article:modified_time\" content=\"2023-11-28T20:52:58+00:00\" \/>\n<meta property=\"og:image\" content=\"https:\/\/hades.unisangil.edu.co\/wp-content\/uploads\/2023\/11\/lab_enfermeria.jpg\" \/>\n<meta name=\"twitter:card\" content=\"summary_large_image\" \/>\n<meta name=\"twitter:site\" content=\"@UNISANGIL\" \/>\n<meta name=\"twitter:label1\" content=\"Tiempo de lectura\" \/>\n\t<meta name=\"twitter:data1\" content=\"3 minutos\" \/>\n<script type=\"application\/ld+json\" class=\"yoast-schema-graph\">{\"@context\":\"https:\/\/schema.org\",\"@graph\":[{\"@type\":\"WebPage\",\"@id\":\"https:\/\/unisangil.edu.co\/?page_id=6366\",\"url\":\"https:\/\/unisangil.edu.co\/?page_id=6366\",\"name\":\"Laboratorios - UNISANGIL\",\"isPartOf\":{\"@id\":\"https:\/\/unisangil.edu.co\/#website\"},\"primaryImageOfPage\":{\"@id\":\"https:\/\/unisangil.edu.co\/?page_id=6366#primaryimage\"},\"image\":{\"@id\":\"https:\/\/unisangil.edu.co\/?page_id=6366#primaryimage\"},\"thumbnailUrl\":\"https:\/\/hades.unisangil.edu.co\/wp-content\/uploads\/2023\/11\/lab_enfermeria.jpg\",\"datePublished\":\"2023-11-22T17:01:42+00:00\",\"dateModified\":\"2023-11-28T20:52:58+00:00\",\"description\":\"La palabra administraci\u00f3n tiene su origen etimol\u00f3gico del lat\u00edn ad, que significa: hacia, direcci\u00f3n, tendencia; y minister que significa: subordinaci\u00f3n, obediencia, al servicio de\u2019; y significa \u201caquel que realiza una funci\u00f3n bajo el mando de otro\u201d; es decir, \u201caquel que presta un servicio a otro\u201d, \u201cestar al servicio de otro\u201d de la sociedad, volvi\u00e9ndola m\u00e1s productiva (eficiencia), para el cumplimiento de sus objetivos (eficacia).\",\"breadcrumb\":{\"@id\":\"https:\/\/unisangil.edu.co\/?page_id=6366#breadcrumb\"},\"inLanguage\":\"es-CO\",\"potentialAction\":[{\"@type\":\"ReadAction\",\"target\":[\"https:\/\/unisangil.edu.co\/?page_id=6366\"]}]},{\"@type\":\"ImageObject\",\"inLanguage\":\"es-CO\",\"@id\":\"https:\/\/unisangil.edu.co\/?page_id=6366#primaryimage\",\"url\":\"https:\/\/hades.unisangil.edu.co\/wp-content\/uploads\/2023\/11\/lab_enfermeria.jpg\",\"contentUrl\":\"https:\/\/hades.unisangil.edu.co\/wp-content\/uploads\/2023\/11\/lab_enfermeria.jpg\"},{\"@type\":\"BreadcrumbList\",\"@id\":\"https:\/\/unisangil.edu.co\/?page_id=6366#breadcrumb\",\"itemListElement\":[{\"@type\":\"ListItem\",\"position\":1,\"name\":\"Inicio\",\"item\":\"https:\/\/unisangil.edu.co\/\"},{\"@type\":\"ListItem\",\"position\":2,\"name\":\"Laboratorios\"}]},{\"@type\":\"WebSite\",\"@id\":\"https:\/\/unisangil.edu.co\/#website\",\"url\":\"https:\/\/unisangil.edu.co\/\",\"name\":\"UNISANGIL\",\"description\":\"Somos una Instituci\u00f3n de educaci\u00f3n superior de origen y acci\u00f3n solidarios que contribuye con el desarrollo de la sociedad en los \u00e1mbitos local y regional\",\"publisher\":{\"@id\":\"https:\/\/unisangil.edu.co\/#organization\"},\"potentialAction\":[{\"@type\":\"SearchAction\",\"target\":{\"@type\":\"EntryPoint\",\"urlTemplate\":\"https:\/\/unisangil.edu.co\/?s={search_term_string}\"},\"query-input\":{\"@type\":\"PropertyValueSpecification\",\"valueRequired\":true,\"valueName\":\"search_term_string\"}}],\"inLanguage\":\"es-CO\"},{\"@type\":\"Organization\",\"@id\":\"https:\/\/unisangil.edu.co\/#organization\",\"name\":\"UNISANGIL\",\"url\":\"https:\/\/unisangil.edu.co\/\",\"logo\":{\"@type\":\"ImageObject\",\"inLanguage\":\"es-CO\",\"@id\":\"https:\/\/unisangil.edu.co\/#\/schema\/logo\/image\/\",\"url\":\"https:\/\/unisangil.edu.co\/wp-content\/uploads\/2023\/06\/LOGO-UNISANGIL-WEB-1-2.png\",\"contentUrl\":\"https:\/\/unisangil.edu.co\/wp-content\/uploads\/2023\/06\/LOGO-UNISANGIL-WEB-1-2.png\",\"width\":1250,\"height\":1250,\"caption\":\"UNISANGIL\"},\"image\":{\"@id\":\"https:\/\/unisangil.edu.co\/#\/schema\/logo\/image\/\"},\"sameAs\":[\"https:\/\/www.facebook.com\/UNISANGIL\",\"https:\/\/x.com\/UNISANGIL\"]}]}<\/script>\n<!-- \/ Yoast SEO plugin. -->","yoast_head_json":{"title":"Laboratorios - UNISANGIL","description":"La palabra administraci\u00f3n tiene su origen etimol\u00f3gico del lat\u00edn ad, que significa: hacia, direcci\u00f3n, tendencia; y minister que significa: subordinaci\u00f3n, obediencia, al servicio de\u2019; y significa \u201caquel que realiza una funci\u00f3n bajo el mando de otro\u201d; es decir, \u201caquel que presta un servicio a otro\u201d, \u201cestar al servicio de otro\u201d de la sociedad, volvi\u00e9ndola m\u00e1s productiva (eficiencia), para el cumplimiento de sus objetivos (eficacia).","robots":{"index":"index","follow":"follow","max-snippet":"max-snippet:-1","max-image-preview":"max-image-preview:large","max-video-preview":"max-video-preview:-1"},"canonical":"https:\/\/unisangil.edu.co\/?page_id=6366","og_locale":"es_ES","og_type":"article","og_title":"Laboratorios - UNISANGIL","og_description":"La palabra administraci\u00f3n tiene su origen etimol\u00f3gico del lat\u00edn ad, que significa: hacia, direcci\u00f3n, tendencia; y minister que significa: subordinaci\u00f3n, obediencia, al servicio de\u2019; y significa \u201caquel que realiza una funci\u00f3n bajo el mando de otro\u201d; es decir, \u201caquel que presta un servicio a otro\u201d, \u201cestar al servicio de otro\u201d de la sociedad, volvi\u00e9ndola m\u00e1s productiva (eficiencia), para el cumplimiento de sus objetivos (eficacia).","og_url":"https:\/\/unisangil.edu.co\/?page_id=6366","og_site_name":"UNISANGIL","article_publisher":"https:\/\/www.facebook.com\/UNISANGIL","article_modified_time":"2023-11-28T20:52:58+00:00","og_image":[{"url":"https:\/\/hades.unisangil.edu.co\/wp-content\/uploads\/2023\/11\/lab_enfermeria.jpg","type":"","width":"","height":""}],"twitter_card":"summary_large_image","twitter_site":"@UNISANGIL","twitter_misc":{"Tiempo de lectura":"3 minutos"},"schema":{"@context":"https:\/\/schema.org","@graph":[{"@type":"WebPage","@id":"https:\/\/unisangil.edu.co\/?page_id=6366","url":"https:\/\/unisangil.edu.co\/?page_id=6366","name":"Laboratorios - UNISANGIL","isPartOf":{"@id":"https:\/\/unisangil.edu.co\/#website"},"primaryImageOfPage":{"@id":"https:\/\/unisangil.edu.co\/?page_id=6366#primaryimage"},"image":{"@id":"https:\/\/unisangil.edu.co\/?page_id=6366#primaryimage"},"thumbnailUrl":"https:\/\/hades.unisangil.edu.co\/wp-content\/uploads\/2023\/11\/lab_enfermeria.jpg","datePublished":"2023-11-22T17:01:42+00:00","dateModified":"2023-11-28T20:52:58+00:00","description":"La palabra administraci\u00f3n tiene su origen etimol\u00f3gico del lat\u00edn ad, que significa: hacia, direcci\u00f3n, tendencia; y minister que significa: subordinaci\u00f3n, obediencia, al servicio de\u2019; y significa \u201caquel que realiza una funci\u00f3n bajo el mando de otro\u201d; es decir, \u201caquel que presta un servicio a otro\u201d, \u201cestar al servicio de otro\u201d de la sociedad, volvi\u00e9ndola m\u00e1s productiva (eficiencia), para el cumplimiento de sus objetivos (eficacia).","breadcrumb":{"@id":"https:\/\/unisangil.edu.co\/?page_id=6366#breadcrumb"},"inLanguage":"es-CO","potentialAction":[{"@type":"ReadAction","target":["https:\/\/unisangil.edu.co\/?page_id=6366"]}]},{"@type":"ImageObject","inLanguage":"es-CO","@id":"https:\/\/unisangil.edu.co\/?page_id=6366#primaryimage","url":"https:\/\/hades.unisangil.edu.co\/wp-content\/uploads\/2023\/11\/lab_enfermeria.jpg","contentUrl":"https:\/\/hades.unisangil.edu.co\/wp-content\/uploads\/2023\/11\/lab_enfermeria.jpg"},{"@type":"BreadcrumbList","@id":"https:\/\/unisangil.edu.co\/?page_id=6366#breadcrumb","itemListElement":[{"@type":"ListItem","position":1,"name":"Inicio","item":"https:\/\/unisangil.edu.co\/"},{"@type":"ListItem","position":2,"name":"Laboratorios"}]},{"@type":"WebSite","@id":"https:\/\/unisangil.edu.co\/#website","url":"https:\/\/unisangil.edu.co\/","name":"UNISANGIL","description":"Somos una Instituci\u00f3n de educaci\u00f3n superior de origen y acci\u00f3n solidarios que contribuye con el desarrollo de la sociedad en los \u00e1mbitos local y regional","publisher":{"@id":"https:\/\/unisangil.edu.co\/#organization"},"potentialAction":[{"@type":"SearchAction","target":{"@type":"EntryPoint","urlTemplate":"https:\/\/unisangil.edu.co\/?s={search_term_string}"},"query-input":{"@type":"PropertyValueSpecification","valueRequired":true,"valueName":"search_term_string"}}],"inLanguage":"es-CO"},{"@type":"Organization","@id":"https:\/\/unisangil.edu.co\/#organization","name":"UNISANGIL","url":"https:\/\/unisangil.edu.co\/","logo":{"@type":"ImageObject","inLanguage":"es-CO","@id":"https:\/\/unisangil.edu.co\/#\/schema\/logo\/image\/","url":"https:\/\/unisangil.edu.co\/wp-content\/uploads\/2023\/06\/LOGO-UNISANGIL-WEB-1-2.png","contentUrl":"https:\/\/unisangil.edu.co\/wp-content\/uploads\/2023\/06\/LOGO-UNISANGIL-WEB-1-2.png","width":1250,"height":1250,"caption":"UNISANGIL"},"image":{"@id":"https:\/\/unisangil.edu.co\/#\/schema\/logo\/image\/"},"sameAs":["https:\/\/www.facebook.com\/UNISANGIL","https:\/\/x.com\/UNISANGIL"]}]}},"_links":{"self":[{"href":"https:\/\/unisangil.edu.co\/index.php?rest_route=\/wp\/v2\/pages\/6366"}],"collection":[{"href":"https:\/\/unisangil.edu.co\/index.php?rest_route=\/wp\/v2\/pages"}],"about":[{"href":"https:\/\/unisangil.edu.co\/index.php?rest_route=\/wp\/v2\/types\/page"}],"author":[{"embeddable":true,"href":"https:\/\/unisangil.edu.co\/index.php?rest_route=\/wp\/v2\/users\/2"}],"replies":[{"embeddable":true,"href":"https:\/\/unisangil.edu.co\/index.php?rest_route=%2Fwp%2Fv2%2Fcomments&post=6366"}],"version-history":[{"count":14,"href":"https:\/\/unisangil.edu.co\/index.php?rest_route=\/wp\/v2\/pages\/6366\/revisions"}],"predecessor-version":[{"id":6807,"href":"https:\/\/unisangil.edu.co\/index.php?rest_route=\/wp\/v2\/pages\/6366\/revisions\/6807"}],"wp:attachment":[{"href":"https:\/\/unisangil.edu.co\/index.php?rest_route=%2Fwp%2Fv2%2Fmedia&parent=6366"}],"curies":[{"name":"wp","href":"https:\/\/api.w.org\/{rel}","templated":true}]}}