{"id":5975,"date":"2023-11-16T16:58:24","date_gmt":"2023-11-16T21:58:24","guid":{"rendered":"https:\/\/hades.unisangil.edu.co\/?page_id=5975"},"modified":"2025-12-18T15:10:36","modified_gmt":"2025-12-18T20:10:36","slug":"nosotros-2","status":"publish","type":"page","link":"https:\/\/unisangil.edu.co\/?page_id=5975","title":{"rendered":"Historia y Mis\u00f3n"},"content":{"rendered":"\t\t<div data-elementor-type=\"wp-page\" data-elementor-id=\"5975\" class=\"elementor elementor-5975\" data-elementor-post-type=\"page\">\n\t\t\t\t<div class=\"elementor-element elementor-element-2404db6 e-flex e-con-boxed e-con e-parent\" data-id=\"2404db6\" data-element_type=\"container\" data-e-type=\"container\">\n\t\t\t\t\t<div class=\"e-con-inner\">\n\t\t\t\t<div class=\"elementor-element elementor-element-c7ae21c elementor-widget elementor-widget-image\" data-id=\"c7ae21c\" data-element_type=\"widget\" data-e-type=\"widget\" data-widget_type=\"image.default\">\n\t\t\t\t<div class=\"elementor-widget-container\">\n\t\t\t\t\t\t\t\t\t\t\t\t\t\t\t<img fetchpriority=\"high\" decoding=\"async\" width=\"800\" height=\"284\" src=\"https:\/\/unisangil.edu.co\/wp-content\/uploads\/2023\/11\/banner_historia-1024x364.jpg\" class=\"attachment-large size-large wp-image-5978\" alt=\"\" srcset=\"https:\/\/unisangil.edu.co\/wp-content\/uploads\/2023\/11\/banner_historia-1024x364.jpg 1024w, https:\/\/unisangil.edu.co\/wp-content\/uploads\/2023\/11\/banner_historia-300x107.jpg 300w, https:\/\/unisangil.edu.co\/wp-content\/uploads\/2023\/11\/banner_historia-768x273.jpg 768w, https:\/\/unisangil.edu.co\/wp-content\/uploads\/2023\/11\/banner_historia-48x17.jpg 48w, https:\/\/unisangil.edu.co\/wp-content\/uploads\/2023\/11\/banner_historia.jpg 1200w\" sizes=\"(max-width: 800px) 100vw, 800px\" \/>\t\t\t\t\t\t\t\t\t\t\t\t\t\t\t<\/div>\n\t\t\t\t<\/div>\n\t\t\t\t\t<\/div>\n\t\t\t\t<\/div>\n\t\t\t\t<section class=\"elementor-section elementor-top-section elementor-element elementor-element-617622b elementor-section-boxed elementor-section-height-default elementor-section-height-default\" data-id=\"617622b\" data-element_type=\"section\" data-e-type=\"section\">\n\t\t\t\t\t\t<div class=\"elementor-container elementor-column-gap-default\">\n\t\t\t\t\t<div class=\"elementor-column elementor-col-50 elementor-top-column elementor-element elementor-element-ef5036a elementor-invisible\" data-id=\"ef5036a\" data-element_type=\"column\" data-e-type=\"column\" data-settings=\"{&quot;background_background&quot;:&quot;gradient&quot;,&quot;motion_fx_motion_fx_mouse&quot;:&quot;yes&quot;,&quot;animation&quot;:&quot;slideInLeft&quot;}\">\n\t\t\t<div class=\"elementor-widget-wrap elementor-element-populated\">\n\t\t\t\t\t\t<div class=\"elementor-element elementor-element-797a46b elementor-widget elementor-widget-icon-box\" data-id=\"797a46b\" data-element_type=\"widget\" data-e-type=\"widget\" data-widget_type=\"icon-box.default\">\n\t\t\t\t<div class=\"elementor-widget-container\">\n\t\t\t\t\t\t\t<div class=\"elementor-icon-box-wrapper\">\n\n\t\t\t\n\t\t\t\t\t\t<div class=\"elementor-icon-box-content\">\n\n\t\t\t\t\t\t\t\t\t<h3 class=\"elementor-icon-box-title\">\n\t\t\t\t\t\t<span  >\n\t\t\t\t\t\t\tNuestra Historia\t\t\t\t\t\t<\/span>\n\t\t\t\t\t<\/h3>\n\t\t\t\t\n\t\t\t\t\n\t\t\t<\/div>\n\t\t\t\n\t\t<\/div>\n\t\t\t\t\t\t<\/div>\n\t\t\t\t<\/div>\n\t\t\t\t\t<\/div>\n\t\t<\/div>\n\t\t\t\t<div class=\"elementor-column elementor-col-50 elementor-top-column elementor-element elementor-element-acf5d87\" data-id=\"acf5d87\" data-element_type=\"column\" data-e-type=\"column\">\n\t\t\t<div class=\"elementor-widget-wrap\">\n\t\t\t\t\t\t\t<\/div>\n\t\t<\/div>\n\t\t\t\t\t<\/div>\n\t\t<\/section>\n\t\t\t\t<section class=\"elementor-section elementor-top-section elementor-element elementor-element-8a04253 elementor-section-boxed elementor-section-height-default elementor-section-height-default\" data-id=\"8a04253\" data-element_type=\"section\" data-e-type=\"section\">\n\t\t\t\t\t\t<div class=\"elementor-container elementor-column-gap-default\">\n\t\t\t\t\t<div class=\"elementor-column elementor-col-100 elementor-top-column elementor-element elementor-element-c0accb7\" data-id=\"c0accb7\" data-element_type=\"column\" data-e-type=\"column\" data-settings=\"{&quot;background_background&quot;:&quot;classic&quot;}\">\n\t\t\t<div class=\"elementor-widget-wrap elementor-element-populated\">\n\t\t\t\t\t\t<div class=\"elementor-element elementor-element-1a631d1 elementor-widget__width-initial elementor-widget elementor-widget-n-accordion\" data-id=\"1a631d1\" data-element_type=\"widget\" data-e-type=\"widget\" data-settings=\"{&quot;default_state&quot;:&quot;all_collapsed&quot;,&quot;max_items_expended&quot;:&quot;one&quot;,&quot;n_accordion_animation_duration&quot;:{&quot;unit&quot;:&quot;ms&quot;,&quot;size&quot;:400,&quot;sizes&quot;:[]}}\" data-widget_type=\"nested-accordion.default\">\n\t\t\t\t<div class=\"elementor-widget-container\">\n\t\t\t\t\t\t\t<div class=\"e-n-accordion\" aria-label=\"Accordion. Open links with Enter or Space, close with Escape, and navigate with Arrow Keys\">\n\t\t\t\t\t\t<details id=\"e-n-accordion-item-2760\" class=\"e-n-accordion-item\" >\n\t\t\t\t<summary class=\"e-n-accordion-item-title\" data-accordion-index=\"1\" tabindex=\"0\" aria-expanded=\"false\" aria-controls=\"e-n-accordion-item-2760\" >\n\t\t\t\t\t<span class='e-n-accordion-item-title-header'><div class=\"e-n-accordion-item-title-text\"> El 2 de octubre de 1988 con ocasi\u00f3n de los 300 a\u00f1os del municipio de San Gil, se desarroll\u00f3 un foro por el desarrollo de la Provincia de Guanent\u00e1 en el que la comunidad manifest\u00f3 su anhelo de tener una universidad regional. Una aspiraci\u00f3n que se ten\u00eda desde 1964 y que no se hab\u00eda logrado consolidar. Leer m\u00e1s... <\/div><\/span>\n\t\t\t\t\t\t\t<span class='e-n-accordion-item-title-icon'>\n\t\t\t<span class='e-opened' ><i aria-hidden=\"true\" class=\"fas fa-minus\"><\/i><\/span>\n\t\t\t<span class='e-closed'><i aria-hidden=\"true\" class=\"fas fa-plus\"><\/i><\/span>\n\t\t<\/span>\n\n\t\t\t\t\t\t<\/summary>\n\t\t\t\t<div role=\"region\" aria-labelledby=\"e-n-accordion-item-2760\" class=\"elementor-element elementor-element-9957615 e-con-full e-flex e-con e-child\" data-id=\"9957615\" data-element_type=\"container\" data-e-type=\"container\">\n\t\t<div role=\"region\" aria-labelledby=\"e-n-accordion-item-2760\" class=\"elementor-element elementor-element-287fc9f e-flex e-con-boxed e-con e-child\" data-id=\"287fc9f\" data-element_type=\"container\" data-e-type=\"container\">\n\t\t\t\t\t<div class=\"e-con-inner\">\n\t\t\t\t<div class=\"elementor-element elementor-element-9b6192b elementor-widget__width-initial elementor-widget elementor-widget-text-editor\" data-id=\"9b6192b\" data-element_type=\"widget\" data-e-type=\"widget\" data-settings=\"{&quot;motion_fx_motion_fx_scrolling&quot;:&quot;yes&quot;,&quot;_animation&quot;:&quot;none&quot;,&quot;motion_fx_devices&quot;:[&quot;desktop&quot;,&quot;tablet&quot;,&quot;mobile&quot;]}\" data-widget_type=\"text-editor.default\">\n\t\t\t\t<div class=\"elementor-widget-container\">\n\t\t\t\t\t\t\t\t\t<p>La Pastoral Social de la Di\u00f3cesis de Socorro y San Gil, pr\u00f3xima a cumplir sus cien a\u00f1os, en asocio con ocho organizaciones sociales y cooperativas, se comprometi\u00f3 a sacar adelante el proyecto. Esta nueva instituci\u00f3n responder\u00eda a las necesidades del recurso humano de diferentes campos del conocimiento como desarrollo agropecuario, empresarial, tecnol\u00f3gico, organizacional, cooperativo y pedag\u00f3gico.<\/p><p>Luego de tres a\u00f1os de trabajo conjunto y con la visi\u00f3n de construir un modelo de cambio y desarrollo mediante la educaci\u00f3n, el Instituto Colombiano para el Fomento de la Educaci\u00f3n Superior, ICFES, materializa este objetivo el 18 de octubre de 1991, mediante la Personer\u00eda Jur\u00eddica que avala la creaci\u00f3n de la Fundaci\u00f3n Universitaria de San Gil, UNISANGIL.<\/p><p>La escritura de constituci\u00f3n de UNISANGIL fue firmada por Monse\u00f1or Jorge Leonardo G\u00f3mez Serna, Obispo de la Di\u00f3cesis de Socorro y San Gil; el padre Ram\u00f3n Gonz\u00e1lez Parra, Director de SEPAS; los gerentes de las empresas del sector cooperativo COOPCENTRAL (Dar\u00edo Ben\u00edtez), COMERCOOP (\u00c1lvaro Arg\u00fcello Rodr\u00edguez), AUDICOOP (Iv\u00e1n Cala Cala), INDECOL (Padre Samuel Gonz\u00e1lez Parra), COESCOOP (\u00c1ngel Mar\u00eda Cuadros) y las organizaciones sindicales y campesinas representadas en EL COM\u00daN (Miguel Arturo Fajardo Rojas), oficiando como secretario Humberto Gamboa Castellanos.<\/p><p>Dando cumplimiento a su vocaci\u00f3n basada en la Econom\u00eda Solidaria, UNISANGIL ha desempe\u00f1ado un papel de primer orden en la consolidaci\u00f3n de un capital humano integral que le ha permitido trascender fronteras. El 20 de julio de 1992 abri\u00f3 sus puertas en San Gil. M\u00e1s tarde, logr\u00f3 expandirse a territorios aleda\u00f1os como Yopal, Casanare en 1996 y Chiquinquir\u00e1, Boyac\u00e1 en el 2000. Con el inicio del milenio, UNISANGIL firm\u00f3 la alianza de cooperaci\u00f3n con la Universidad Aut\u00f3noma de Bucaramanga, UNAB, con la que fortaleci\u00f3 su oferta acad\u00e9mica para responder a las necesidades y problem\u00e1ticas de sus zonas de influencia. Desde entonces, mantiene su compromiso con el desarrollo social, econ\u00f3mico y ambiental del nororiente colombiano a trav\u00e9s de sus programas acad\u00e9micos, de investigaci\u00f3n y extensi\u00f3n.<\/p>\t\t\t\t\t\t\t\t<\/div>\n\t\t\t\t<\/div>\n\t\t\t\t\t<\/div>\n\t\t\t\t<\/div>\n\t\t\t\t<\/div>\n\t\t\t\t\t<\/details>\n\t\t\t\t\t<\/div>\n\t\t\t\t\t\t<\/div>\n\t\t\t\t<\/div>\n\t\t\t\t\t<\/div>\n\t\t<\/div>\n\t\t\t\t\t<\/div>\n\t\t<\/section>\n\t\t<div class=\"elementor-element elementor-element-d976aea e-flex e-con-boxed e-con e-parent\" data-id=\"d976aea\" data-element_type=\"container\" data-e-type=\"container\">\n\t\t\t\t\t<div class=\"e-con-inner\">\n\t\t\t\t<div class=\"elementor-element elementor-element-a8ddd53 elementor-widget elementor-widget-heading\" data-id=\"a8ddd53\" data-element_type=\"widget\" data-e-type=\"widget\" data-widget_type=\"heading.default\">\n\t\t\t\t<div class=\"elementor-widget-container\">\n\t\t\t\t\t<h2 class=\"elementor-heading-title elementor-size-default\">L\u00ednea de tiempo UNISANGIL<\/h2>\t\t\t\t<\/div>\n\t\t\t\t<\/div>\n\t\t\t\t<div class=\"elementor-element elementor-element-6335e17 elementor-widget elementor-widget-image\" data-id=\"6335e17\" data-element_type=\"widget\" data-e-type=\"widget\" data-widget_type=\"image.default\">\n\t\t\t\t<div class=\"elementor-widget-container\">\n\t\t\t\t\t\t\t\t\t\t\t\t\t\t\t<img decoding=\"async\" width=\"800\" height=\"452\" src=\"https:\/\/unisangil.edu.co\/wp-content\/uploads\/2025\/12\/Linea-de-tiempo-UNISANGIL-1024x579.jpg\" class=\"attachment-large size-large wp-image-21822\" alt=\"\" srcset=\"https:\/\/unisangil.edu.co\/wp-content\/uploads\/2025\/12\/Linea-de-tiempo-UNISANGIL-1024x579.jpg 1024w, https:\/\/unisangil.edu.co\/wp-content\/uploads\/2025\/12\/Linea-de-tiempo-UNISANGIL-300x170.jpg 300w, https:\/\/unisangil.edu.co\/wp-content\/uploads\/2025\/12\/Linea-de-tiempo-UNISANGIL-768x434.jpg 768w, https:\/\/unisangil.edu.co\/wp-content\/uploads\/2025\/12\/Linea-de-tiempo-UNISANGIL-1536x868.jpg 1536w, https:\/\/unisangil.edu.co\/wp-content\/uploads\/2025\/12\/Linea-de-tiempo-UNISANGIL-48x27.jpg 48w, https:\/\/unisangil.edu.co\/wp-content\/uploads\/2025\/12\/Linea-de-tiempo-UNISANGIL.jpg 1920w\" sizes=\"(max-width: 800px) 100vw, 800px\" \/>\t\t\t\t\t\t\t\t\t\t\t\t\t\t\t<\/div>\n\t\t\t\t<\/div>\n\t\t<div class=\"elementor-element elementor-element-f1ae683 e-con-full e-flex e-con e-child\" data-id=\"f1ae683\" data-element_type=\"container\" data-e-type=\"container\">\n\t\t\t\t<div class=\"elementor-element elementor-element-60b1bda elementor-widget elementor-widget-button\" data-id=\"60b1bda\" data-element_type=\"widget\" data-e-type=\"widget\" data-widget_type=\"button.default\">\n\t\t\t\t<div class=\"elementor-widget-container\">\n\t\t\t\t\t\t\t\t\t<div class=\"elementor-button-wrapper\">\n\t\t\t\t\t<a class=\"elementor-button elementor-button-link elementor-size-sm\" href=\"https:\/\/unisangil.edu.co\/wp-content\/uploads\/2025\/11\/Linea-de-tiempo-UNISANGIL.pdf\">\n\t\t\t\t\t\t<span class=\"elementor-button-content-wrapper\">\n\t\t\t\t\t\t\t\t\t<span class=\"elementor-button-text\">Descarga la imagen<\/span>\n\t\t\t\t\t<\/span>\n\t\t\t\t\t<\/a>\n\t\t\t\t<\/div>\n\t\t\t\t\t\t\t\t<\/div>\n\t\t\t\t<\/div>\n\t\t\t\t<div class=\"elementor-element elementor-element-f6eea69 elementor-widget elementor-widget-spacer\" data-id=\"f6eea69\" data-element_type=\"widget\" data-e-type=\"widget\" data-widget_type=\"spacer.default\">\n\t\t\t\t<div class=\"elementor-widget-container\">\n\t\t\t\t\t\t\t<div class=\"elementor-spacer\">\n\t\t\t<div class=\"elementor-spacer-inner\"><\/div>\n\t\t<\/div>\n\t\t\t\t\t\t<\/div>\n\t\t\t\t<\/div>\n\t\t\t\t<\/div>\n\t\t\t\t\t<\/div>\n\t\t\t\t<\/div>\n\t\t\t\t<\/div>\n\t\t","protected":false},"excerpt":{"rendered":"<p>Nuestra Historia El 2 de octubre de 1988 con ocasi\u00f3n de los 300 a\u00f1os del municipio de San Gil, se desarroll\u00f3 un foro por el desarrollo de la Provincia de Guanent\u00e1 en el que la comunidad manifest\u00f3 su anhelo de tener una universidad regional. Una aspiraci\u00f3n que se ten\u00eda desde 1964 y que no se [&hellip;]<\/p>\n","protected":false},"author":2,"featured_media":0,"parent":0,"menu_order":0,"comment_status":"closed","ping_status":"closed","template":"","meta":{"footnotes":""},"class_list":["post-5975","page","type-page","status-publish","hentry"],"yoast_head":"<!-- This site is optimized with the Yoast SEO plugin v25.6 - https:\/\/yoast.com\/wordpress\/plugins\/seo\/ -->\n<title>Historia y Mis\u00f3n - UNISANGIL<\/title>\n<meta name=\"description\" content=\"La palabra administraci\u00f3n tiene su origen etimol\u00f3gico del lat\u00edn ad, que significa: hacia, direcci\u00f3n, tendencia; y minister que significa: subordinaci\u00f3n, obediencia, al servicio de\u2019; y significa \u201caquel que realiza una funci\u00f3n bajo el mando de otro\u201d; es decir, \u201caquel que presta un servicio a otro\u201d, \u201cestar al servicio de otro\u201d de la sociedad, volvi\u00e9ndola m\u00e1s productiva (eficiencia), para el cumplimiento de sus objetivos (eficacia).\" \/>\n<meta name=\"robots\" content=\"index, follow, max-snippet:-1, max-image-preview:large, max-video-preview:-1\" \/>\n<link rel=\"canonical\" href=\"https:\/\/unisangil.edu.co\/?page_id=5975\" \/>\n<meta property=\"og:locale\" content=\"es_ES\" \/>\n<meta property=\"og:type\" content=\"article\" \/>\n<meta property=\"og:title\" content=\"Historia y Mis\u00f3n - UNISANGIL\" \/>\n<meta property=\"og:description\" content=\"La palabra administraci\u00f3n tiene su origen etimol\u00f3gico del lat\u00edn ad, que significa: hacia, direcci\u00f3n, tendencia; y minister que significa: subordinaci\u00f3n, obediencia, al servicio de\u2019; y significa \u201caquel que realiza una funci\u00f3n bajo el mando de otro\u201d; es decir, \u201caquel que presta un servicio a otro\u201d, \u201cestar al servicio de otro\u201d de la sociedad, volvi\u00e9ndola m\u00e1s productiva (eficiencia), para el cumplimiento de sus objetivos (eficacia).\" \/>\n<meta property=\"og:url\" content=\"https:\/\/unisangil.edu.co\/?page_id=5975\" \/>\n<meta property=\"og:site_name\" content=\"UNISANGIL\" \/>\n<meta property=\"article:publisher\" content=\"https:\/\/www.facebook.com\/UNISANGIL\" \/>\n<meta property=\"article:modified_time\" content=\"2025-12-18T20:10:36+00:00\" \/>\n<meta property=\"og:image\" content=\"https:\/\/unisangil.edu.co\/wp-content\/uploads\/2023\/11\/banner_historia.jpg\" \/>\n\t<meta property=\"og:image:width\" content=\"1200\" \/>\n\t<meta property=\"og:image:height\" content=\"426\" \/>\n\t<meta property=\"og:image:type\" content=\"image\/jpeg\" \/>\n<meta name=\"twitter:card\" content=\"summary_large_image\" \/>\n<meta name=\"twitter:site\" content=\"@UNISANGIL\" \/>\n<meta name=\"twitter:label1\" content=\"Tiempo de lectura\" \/>\n\t<meta name=\"twitter:data1\" content=\"4 minutos\" \/>\n<script type=\"application\/ld+json\" class=\"yoast-schema-graph\">{\"@context\":\"https:\/\/schema.org\",\"@graph\":[{\"@type\":\"WebPage\",\"@id\":\"https:\/\/unisangil.edu.co\/?page_id=5975\",\"url\":\"https:\/\/unisangil.edu.co\/?page_id=5975\",\"name\":\"Historia y Mis\u00f3n - UNISANGIL\",\"isPartOf\":{\"@id\":\"https:\/\/unisangil.edu.co\/#website\"},\"primaryImageOfPage\":{\"@id\":\"https:\/\/unisangil.edu.co\/?page_id=5975#primaryimage\"},\"image\":{\"@id\":\"https:\/\/unisangil.edu.co\/?page_id=5975#primaryimage\"},\"thumbnailUrl\":\"https:\/\/unisangil.edu.co\/wp-content\/uploads\/2023\/11\/banner_historia-1024x364.jpg\",\"datePublished\":\"2023-11-16T21:58:24+00:00\",\"dateModified\":\"2025-12-18T20:10:36+00:00\",\"description\":\"La palabra administraci\u00f3n tiene su origen etimol\u00f3gico del lat\u00edn ad, que significa: hacia, direcci\u00f3n, tendencia; y minister que significa: subordinaci\u00f3n, obediencia, al servicio de\u2019; y significa \u201caquel que realiza una funci\u00f3n bajo el mando de otro\u201d; es decir, \u201caquel que presta un servicio a otro\u201d, \u201cestar al servicio de otro\u201d de la sociedad, volvi\u00e9ndola m\u00e1s productiva (eficiencia), para el cumplimiento de sus objetivos (eficacia).\",\"breadcrumb\":{\"@id\":\"https:\/\/unisangil.edu.co\/?page_id=5975#breadcrumb\"},\"inLanguage\":\"es-CO\",\"potentialAction\":[{\"@type\":\"ReadAction\",\"target\":[\"https:\/\/unisangil.edu.co\/?page_id=5975\"]}]},{\"@type\":\"ImageObject\",\"inLanguage\":\"es-CO\",\"@id\":\"https:\/\/unisangil.edu.co\/?page_id=5975#primaryimage\",\"url\":\"https:\/\/unisangil.edu.co\/wp-content\/uploads\/2023\/11\/banner_historia.jpg\",\"contentUrl\":\"https:\/\/unisangil.edu.co\/wp-content\/uploads\/2023\/11\/banner_historia.jpg\",\"width\":1200,\"height\":426},{\"@type\":\"BreadcrumbList\",\"@id\":\"https:\/\/unisangil.edu.co\/?page_id=5975#breadcrumb\",\"itemListElement\":[{\"@type\":\"ListItem\",\"position\":1,\"name\":\"Inicio\",\"item\":\"https:\/\/unisangil.edu.co\/\"},{\"@type\":\"ListItem\",\"position\":2,\"name\":\"Historia y Mis\u00f3n\"}]},{\"@type\":\"WebSite\",\"@id\":\"https:\/\/unisangil.edu.co\/#website\",\"url\":\"https:\/\/unisangil.edu.co\/\",\"name\":\"UNISANGIL\",\"description\":\"Somos una Instituci\u00f3n de educaci\u00f3n superior de origen y acci\u00f3n solidarios que contribuye con el desarrollo de la sociedad en los \u00e1mbitos local y regional\",\"publisher\":{\"@id\":\"https:\/\/unisangil.edu.co\/#organization\"},\"potentialAction\":[{\"@type\":\"SearchAction\",\"target\":{\"@type\":\"EntryPoint\",\"urlTemplate\":\"https:\/\/unisangil.edu.co\/?s={search_term_string}\"},\"query-input\":{\"@type\":\"PropertyValueSpecification\",\"valueRequired\":true,\"valueName\":\"search_term_string\"}}],\"inLanguage\":\"es-CO\"},{\"@type\":\"Organization\",\"@id\":\"https:\/\/unisangil.edu.co\/#organization\",\"name\":\"UNISANGIL\",\"url\":\"https:\/\/unisangil.edu.co\/\",\"logo\":{\"@type\":\"ImageObject\",\"inLanguage\":\"es-CO\",\"@id\":\"https:\/\/unisangil.edu.co\/#\/schema\/logo\/image\/\",\"url\":\"https:\/\/unisangil.edu.co\/wp-content\/uploads\/2023\/06\/LOGO-UNISANGIL-WEB-1-2.png\",\"contentUrl\":\"https:\/\/unisangil.edu.co\/wp-content\/uploads\/2023\/06\/LOGO-UNISANGIL-WEB-1-2.png\",\"width\":1250,\"height\":1250,\"caption\":\"UNISANGIL\"},\"image\":{\"@id\":\"https:\/\/unisangil.edu.co\/#\/schema\/logo\/image\/\"},\"sameAs\":[\"https:\/\/www.facebook.com\/UNISANGIL\",\"https:\/\/x.com\/UNISANGIL\"]}]}<\/script>\n<!-- \/ Yoast SEO plugin. -->","yoast_head_json":{"title":"Historia y Mis\u00f3n - UNISANGIL","description":"La palabra administraci\u00f3n tiene su origen etimol\u00f3gico del lat\u00edn ad, que significa: hacia, direcci\u00f3n, tendencia; y minister que significa: subordinaci\u00f3n, obediencia, al servicio de\u2019; y significa \u201caquel que realiza una funci\u00f3n bajo el mando de otro\u201d; es decir, \u201caquel que presta un servicio a otro\u201d, \u201cestar al servicio de otro\u201d de la sociedad, volvi\u00e9ndola m\u00e1s productiva (eficiencia), para el cumplimiento de sus objetivos (eficacia).","robots":{"index":"index","follow":"follow","max-snippet":"max-snippet:-1","max-image-preview":"max-image-preview:large","max-video-preview":"max-video-preview:-1"},"canonical":"https:\/\/unisangil.edu.co\/?page_id=5975","og_locale":"es_ES","og_type":"article","og_title":"Historia y Mis\u00f3n - UNISANGIL","og_description":"La palabra administraci\u00f3n tiene su origen etimol\u00f3gico del lat\u00edn ad, que significa: hacia, direcci\u00f3n, tendencia; y minister que significa: subordinaci\u00f3n, obediencia, al servicio de\u2019; y significa \u201caquel que realiza una funci\u00f3n bajo el mando de otro\u201d; es decir, \u201caquel que presta un servicio a otro\u201d, \u201cestar al servicio de otro\u201d de la sociedad, volvi\u00e9ndola m\u00e1s productiva (eficiencia), para el cumplimiento de sus objetivos (eficacia).","og_url":"https:\/\/unisangil.edu.co\/?page_id=5975","og_site_name":"UNISANGIL","article_publisher":"https:\/\/www.facebook.com\/UNISANGIL","article_modified_time":"2025-12-18T20:10:36+00:00","og_image":[{"width":1200,"height":426,"url":"https:\/\/unisangil.edu.co\/wp-content\/uploads\/2023\/11\/banner_historia.jpg","type":"image\/jpeg"}],"twitter_card":"summary_large_image","twitter_site":"@UNISANGIL","twitter_misc":{"Tiempo de lectura":"4 minutos"},"schema":{"@context":"https:\/\/schema.org","@graph":[{"@type":"WebPage","@id":"https:\/\/unisangil.edu.co\/?page_id=5975","url":"https:\/\/unisangil.edu.co\/?page_id=5975","name":"Historia y Mis\u00f3n - UNISANGIL","isPartOf":{"@id":"https:\/\/unisangil.edu.co\/#website"},"primaryImageOfPage":{"@id":"https:\/\/unisangil.edu.co\/?page_id=5975#primaryimage"},"image":{"@id":"https:\/\/unisangil.edu.co\/?page_id=5975#primaryimage"},"thumbnailUrl":"https:\/\/unisangil.edu.co\/wp-content\/uploads\/2023\/11\/banner_historia-1024x364.jpg","datePublished":"2023-11-16T21:58:24+00:00","dateModified":"2025-12-18T20:10:36+00:00","description":"La palabra administraci\u00f3n tiene su origen etimol\u00f3gico del lat\u00edn ad, que significa: hacia, direcci\u00f3n, tendencia; y minister que significa: subordinaci\u00f3n, obediencia, al servicio de\u2019; y significa \u201caquel que realiza una funci\u00f3n bajo el mando de otro\u201d; es decir, \u201caquel que presta un servicio a otro\u201d, \u201cestar al servicio de otro\u201d de la sociedad, volvi\u00e9ndola m\u00e1s productiva (eficiencia), para el cumplimiento de sus objetivos (eficacia).","breadcrumb":{"@id":"https:\/\/unisangil.edu.co\/?page_id=5975#breadcrumb"},"inLanguage":"es-CO","potentialAction":[{"@type":"ReadAction","target":["https:\/\/unisangil.edu.co\/?page_id=5975"]}]},{"@type":"ImageObject","inLanguage":"es-CO","@id":"https:\/\/unisangil.edu.co\/?page_id=5975#primaryimage","url":"https:\/\/unisangil.edu.co\/wp-content\/uploads\/2023\/11\/banner_historia.jpg","contentUrl":"https:\/\/unisangil.edu.co\/wp-content\/uploads\/2023\/11\/banner_historia.jpg","width":1200,"height":426},{"@type":"BreadcrumbList","@id":"https:\/\/unisangil.edu.co\/?page_id=5975#breadcrumb","itemListElement":[{"@type":"ListItem","position":1,"name":"Inicio","item":"https:\/\/unisangil.edu.co\/"},{"@type":"ListItem","position":2,"name":"Historia y Mis\u00f3n"}]},{"@type":"WebSite","@id":"https:\/\/unisangil.edu.co\/#website","url":"https:\/\/unisangil.edu.co\/","name":"UNISANGIL","description":"Somos una Instituci\u00f3n de educaci\u00f3n superior de origen y acci\u00f3n solidarios que contribuye con el desarrollo de la sociedad en los \u00e1mbitos local y regional","publisher":{"@id":"https:\/\/unisangil.edu.co\/#organization"},"potentialAction":[{"@type":"SearchAction","target":{"@type":"EntryPoint","urlTemplate":"https:\/\/unisangil.edu.co\/?s={search_term_string}"},"query-input":{"@type":"PropertyValueSpecification","valueRequired":true,"valueName":"search_term_string"}}],"inLanguage":"es-CO"},{"@type":"Organization","@id":"https:\/\/unisangil.edu.co\/#organization","name":"UNISANGIL","url":"https:\/\/unisangil.edu.co\/","logo":{"@type":"ImageObject","inLanguage":"es-CO","@id":"https:\/\/unisangil.edu.co\/#\/schema\/logo\/image\/","url":"https:\/\/unisangil.edu.co\/wp-content\/uploads\/2023\/06\/LOGO-UNISANGIL-WEB-1-2.png","contentUrl":"https:\/\/unisangil.edu.co\/wp-content\/uploads\/2023\/06\/LOGO-UNISANGIL-WEB-1-2.png","width":1250,"height":1250,"caption":"UNISANGIL"},"image":{"@id":"https:\/\/unisangil.edu.co\/#\/schema\/logo\/image\/"},"sameAs":["https:\/\/www.facebook.com\/UNISANGIL","https:\/\/x.com\/UNISANGIL"]}]}},"_links":{"self":[{"href":"https:\/\/unisangil.edu.co\/index.php?rest_route=\/wp\/v2\/pages\/5975"}],"collection":[{"href":"https:\/\/unisangil.edu.co\/index.php?rest_route=\/wp\/v2\/pages"}],"about":[{"href":"https:\/\/unisangil.edu.co\/index.php?rest_route=\/wp\/v2\/types\/page"}],"author":[{"embeddable":true,"href":"https:\/\/unisangil.edu.co\/index.php?rest_route=\/wp\/v2\/users\/2"}],"replies":[{"embeddable":true,"href":"https:\/\/unisangil.edu.co\/index.php?rest_route=%2Fwp%2Fv2%2Fcomments&post=5975"}],"version-history":[{"count":74,"href":"https:\/\/unisangil.edu.co\/index.php?rest_route=\/wp\/v2\/pages\/5975\/revisions"}],"predecessor-version":[{"id":22487,"href":"https:\/\/unisangil.edu.co\/index.php?rest_route=\/wp\/v2\/pages\/5975\/revisions\/22487"}],"wp:attachment":[{"href":"https:\/\/unisangil.edu.co\/index.php?rest_route=%2Fwp%2Fv2%2Fmedia&parent=5975"}],"curies":[{"name":"wp","href":"https:\/\/api.w.org\/{rel}","templated":true}]}}