{"id":5703,"date":"2023-11-15T11:04:25","date_gmt":"2023-11-15T16:04:25","guid":{"rendered":"https:\/\/hades.unisangil.edu.co\/?page_id=5703"},"modified":"2025-08-25T14:56:08","modified_gmt":"2025-08-25T19:56:08","slug":"sede-chiquinquira-posgrados","status":"publish","type":"page","link":"https:\/\/unisangil.edu.co\/?page_id=5703","title":{"rendered":"Sede Chiquinquir\u00e1 Posgrados"},"content":{"rendered":"\t\t<div data-elementor-type=\"wp-page\" data-elementor-id=\"5703\" class=\"elementor elementor-5703\" data-elementor-post-type=\"page\">\n\t\t\t\t\t\t<section class=\"elementor-section elementor-top-section elementor-element elementor-element-dd9c7a7 elementor-section-height-min-height elementor-section-boxed elementor-section-height-default elementor-section-items-middle\" data-id=\"dd9c7a7\" data-element_type=\"section\" data-e-type=\"section\" data-settings=\"{&quot;background_background&quot;:&quot;video&quot;,&quot;background_video_link&quot;:&quot;wp-content\\\/uploads\\\/Documentos\\\/videos\\\/chiquinquira.mp4&quot;,&quot;background_video_start&quot;:0,&quot;animation&quot;:&quot;none&quot;,&quot;background_play_on_mobile&quot;:&quot;yes&quot;}\">\n\t\t\t\t\t\t\t\t<div class=\"elementor-background-video-container\">\n\t\t\t\t\t\t\t\t\t\t\t\t\t<video class=\"elementor-background-video-hosted\" role=\"presentation\" autoplay muted playsinline loop><\/video>\n\t\t\t\t\t\t\t\t\t\t\t<\/div>\n\t\t\t\t\t\t\t\t\t<div class=\"elementor-background-overlay\"><\/div>\n\t\t\t\t\t\t\t<div class=\"elementor-container elementor-column-gap-default\">\n\t\t\t\t\t<div class=\"elementor-column elementor-col-100 elementor-top-column elementor-element elementor-element-130e9ccb\" data-id=\"130e9ccb\" data-element_type=\"column\" data-e-type=\"column\">\n\t\t\t<div class=\"elementor-widget-wrap\">\n\t\t\t\t\t\t\t<\/div>\n\t\t<\/div>\n\t\t\t\t\t<\/div>\n\t\t<\/section>\n\t\t\t\t<section class=\"elementor-section elementor-top-section elementor-element elementor-element-617622b elementor-section-boxed elementor-section-height-default elementor-section-height-default\" data-id=\"617622b\" data-element_type=\"section\" data-e-type=\"section\">\n\t\t\t\t\t\t<div class=\"elementor-container elementor-column-gap-default\">\n\t\t\t\t\t<div class=\"elementor-column elementor-col-50 elementor-top-column elementor-element elementor-element-ef5036a elementor-invisible\" data-id=\"ef5036a\" data-element_type=\"column\" data-e-type=\"column\" data-settings=\"{&quot;background_background&quot;:&quot;gradient&quot;,&quot;motion_fx_motion_fx_mouse&quot;:&quot;yes&quot;,&quot;animation&quot;:&quot;slideInLeft&quot;}\">\n\t\t\t<div class=\"elementor-widget-wrap elementor-element-populated\">\n\t\t\t\t\t\t<div class=\"elementor-element elementor-element-797a46b elementor-widget elementor-widget-icon-box\" data-id=\"797a46b\" data-element_type=\"widget\" data-e-type=\"widget\" data-widget_type=\"icon-box.default\">\n\t\t\t\t<div class=\"elementor-widget-container\">\n\t\t\t\t\t\t\t<div class=\"elementor-icon-box-wrapper\">\n\n\t\t\t\n\t\t\t\t\t\t<div class=\"elementor-icon-box-content\">\n\n\t\t\t\t\t\t\t\t\t<h3 class=\"elementor-icon-box-title\">\n\t\t\t\t\t\t<span  >\n\t\t\t\t\t\t\tPOSGRADO -  Chiquinquir\u00e1\t\t\t\t\t\t<\/span>\n\t\t\t\t\t<\/h3>\n\t\t\t\t\n\t\t\t\t\n\t\t\t<\/div>\n\t\t\t\n\t\t<\/div>\n\t\t\t\t\t\t<\/div>\n\t\t\t\t<\/div>\n\t\t\t\t\t<\/div>\n\t\t<\/div>\n\t\t\t\t<div class=\"elementor-column elementor-col-50 elementor-top-column elementor-element elementor-element-acf5d87\" data-id=\"acf5d87\" data-element_type=\"column\" data-e-type=\"column\">\n\t\t\t<div class=\"elementor-widget-wrap\">\n\t\t\t\t\t\t\t<\/div>\n\t\t<\/div>\n\t\t\t\t\t<\/div>\n\t\t<\/section>\n\t\t<div class=\"elementor-element elementor-element-2007943 e-flex e-con-boxed e-con e-parent\" data-id=\"2007943\" data-element_type=\"container\" data-e-type=\"container\">\n\t\t\t\t\t<div class=\"e-con-inner\">\n\t\t<div class=\"elementor-element elementor-element-a5781f0 e-con-full e-flex e-con e-child\" data-id=\"a5781f0\" data-element_type=\"container\" data-e-type=\"container\" data-settings=\"{&quot;background_background&quot;:&quot;gradient&quot;}\">\n\t\t\t\t<div class=\"elementor-element elementor-element-7b2e75a elementor-invisible elementor-widget elementor-widget-testimonial\" data-id=\"7b2e75a\" data-element_type=\"widget\" data-e-type=\"widget\" data-settings=\"{&quot;motion_fx_motion_fx_mouse&quot;:&quot;yes&quot;,&quot;_animation&quot;:&quot;fadeInLeft&quot;}\" data-widget_type=\"testimonial.default\">\n\t\t\t\t<div class=\"elementor-widget-container\">\n\t\t\t\t\t\t\t<div class=\"elementor-testimonial-wrapper\">\n\t\t\t\n\t\t\t\t\t\t<div class=\"elementor-testimonial-meta elementor-has-image elementor-testimonial-image-position-aside\">\n\t\t\t\t<div class=\"elementor-testimonial-meta-inner\">\n\t\t\t\t\t\t\t\t\t\t\t<div class=\"elementor-testimonial-image\">\n\t\t\t\t\t\t\t<img fetchpriority=\"high\" decoding=\"async\" width=\"300\" height=\"200\" src=\"https:\/\/unisangil.edu.co\/wp-content\/uploads\/2023\/08\/prog_eco_sol.jpg\" class=\"attachment-medium size-medium wp-image-4980\" alt=\"\" srcset=\"https:\/\/unisangil.edu.co\/wp-content\/uploads\/2023\/08\/prog_eco_sol.jpg 300w, https:\/\/unisangil.edu.co\/wp-content\/uploads\/2023\/08\/prog_eco_sol-48x32.jpg 48w\" sizes=\"(max-width: 300px) 100vw, 300px\" \/>\t\t\t\t\t\t<\/div>\n\t\t\t\t\t\n\t\t\t\t\t\t\t\t\t\t<div class=\"elementor-testimonial-details\">\n\t\t\t\t\t\t\t\t\t\t\t\t\t\t<div class=\"elementor-testimonial-name\">Especializaci\u00f3n en Mercadeo Estrat\u00e9gico<\/div>\n\t\t\t\t\t\t\t\t\t\t\t\t\t\t\t\t\t\t\t\t\t\t<div class=\"elementor-testimonial-job\">C\u00f3digo SNIES: 102990<\/div>\n\t\t\t\t\t\t\t\t\t\t\t\t\t<\/div>\n\t\t\t\t\t\t\t\t\t<\/div>\n\t\t\t<\/div>\n\t\t\t\t\t<\/div>\n\t\t\t\t\t\t<\/div>\n\t\t\t\t<\/div>\n\t\t\t\t<div class=\"elementor-element elementor-element-e1e88e9 elementor-button-info elementor-align-right elementor-widget elementor-widget-button\" data-id=\"e1e88e9\" data-element_type=\"widget\" data-e-type=\"widget\" data-widget_type=\"button.default\">\n\t\t\t\t<div class=\"elementor-widget-container\">\n\t\t\t\t\t\t\t\t\t<div class=\"elementor-button-wrapper\">\n\t\t\t\t\t<a class=\"elementor-button elementor-button-link elementor-size-md elementor-animation-grow\" href=\"?page_id=5785\">\n\t\t\t\t\t\t<span class=\"elementor-button-content-wrapper\">\n\t\t\t\t\t\t\t\t\t<span class=\"elementor-button-text\">Ir al programa<\/span>\n\t\t\t\t\t<\/span>\n\t\t\t\t\t<\/a>\n\t\t\t\t<\/div>\n\t\t\t\t\t\t\t\t<\/div>\n\t\t\t\t<\/div>\n\t\t\t\t<\/div>\n\t\t\t\t\t<\/div>\n\t\t\t\t<\/div>\n\t\t\t\t<section class=\"elementor-section elementor-top-section elementor-element elementor-element-c2b61de elementor-section-boxed elementor-section-height-default elementor-section-height-default\" data-id=\"c2b61de\" data-element_type=\"section\" data-e-type=\"section\">\n\t\t\t\t\t\t<div class=\"elementor-container elementor-column-gap-default\">\n\t\t\t\t\t<div class=\"elementor-column elementor-col-50 elementor-top-column elementor-element elementor-element-65916b2\" data-id=\"65916b2\" data-element_type=\"column\" data-e-type=\"column\">\n\t\t\t<div class=\"elementor-widget-wrap elementor-element-populated\">\n\t\t\t\t\t\t<div class=\"elementor-element elementor-element-61a2896 elementor-widget elementor-widget-heading\" data-id=\"61a2896\" data-element_type=\"widget\" data-e-type=\"widget\" data-widget_type=\"heading.default\">\n\t\t\t\t<div class=\"elementor-widget-container\">\n\t\t\t\t\t<h2 class=\"elementor-heading-title elementor-size-default\">Contacto<\/h2>\t\t\t\t<\/div>\n\t\t\t\t<\/div>\n\t\t\t\t<div class=\"elementor-element elementor-element-63ecaf6 elementor-icon-list--layout-traditional elementor-list-item-link-full_width elementor-widget elementor-widget-icon-list\" data-id=\"63ecaf6\" data-element_type=\"widget\" data-e-type=\"widget\" data-widget_type=\"icon-list.default\">\n\t\t\t\t<div class=\"elementor-widget-container\">\n\t\t\t\t\t\t\t<ul class=\"elementor-icon-list-items\">\n\t\t\t\t\t\t\t<li class=\"elementor-icon-list-item\">\n\t\t\t\t\t\t\t\t\t\t\t<span class=\"elementor-icon-list-icon\">\n\t\t\t\t\t\t\t<i aria-hidden=\"true\" class=\"fas fa-phone-square-alt\"><\/i>\t\t\t\t\t\t<\/span>\n\t\t\t\t\t\t\t\t\t\t<span class=\"elementor-icon-list-text\">Tel\u00e9fono: (607) 685 2925 Ext. 2034<\/span>\n\t\t\t\t\t\t\t\t\t<\/li>\n\t\t\t\t\t\t\t\t<li class=\"elementor-icon-list-item\">\n\t\t\t\t\t\t\t\t\t\t\t<span class=\"elementor-icon-list-icon\">\n\t\t\t\t\t\t\t<i aria-hidden=\"true\" class=\"fas fa-mail-bulk\"><\/i>\t\t\t\t\t\t<\/span>\n\t\t\t\t\t\t\t\t\t\t<span class=\"elementor-icon-list-text\">E-mail: ejecutivoposgrados@unisangil.edu.co<\/span>\n\t\t\t\t\t\t\t\t\t<\/li>\n\t\t\t\t\t\t<\/ul>\n\t\t\t\t\t\t<\/div>\n\t\t\t\t<\/div>\n\t\t\t\t\t<\/div>\n\t\t<\/div>\n\t\t\t\t<div class=\"elementor-column elementor-col-50 elementor-top-column elementor-element elementor-element-4238d5c\" data-id=\"4238d5c\" data-element_type=\"column\" data-e-type=\"column\">\n\t\t\t<div class=\"elementor-widget-wrap elementor-element-populated\">\n\t\t\t\t\t\t<div class=\"elementor-element elementor-element-fede0a1 elementor-button-info elementor-align-left elementor-invisible elementor-widget elementor-widget-button\" data-id=\"fede0a1\" data-element_type=\"widget\" data-e-type=\"widget\" data-settings=\"{&quot;motion_fx_motion_fx_mouse&quot;:&quot;yes&quot;,&quot;_animation&quot;:&quot;zoomIn&quot;}\" data-widget_type=\"button.default\">\n\t\t\t\t<div class=\"elementor-widget-container\">\n\t\t\t\t\t\t\t\t\t<div class=\"elementor-button-wrapper\">\n\t\t\t\t\t<a class=\"elementor-button elementor-button-link elementor-size-md elementor-animation-grow\" href=\"https:\/\/hades.unisangil.edu.co\/?page_id=1944\">\n\t\t\t\t\t\t<span class=\"elementor-button-content-wrapper\">\n\t\t\t\t\t\t\t\t\t<span class=\"elementor-button-text\">\u00bfDeseas m\u00e1s informaci\u00f3n? clic aqu\u00ed<\/span>\n\t\t\t\t\t<\/span>\n\t\t\t\t\t<\/a>\n\t\t\t\t<\/div>\n\t\t\t\t\t\t\t\t<\/div>\n\t\t\t\t<\/div>\n\t\t\t\t\t<\/div>\n\t\t<\/div>\n\t\t\t\t\t<\/div>\n\t\t<\/section>\n\t\t<div class=\"elementor-element elementor-element-a666d95 e-flex e-con-boxed e-con e-parent\" data-id=\"a666d95\" data-element_type=\"container\" data-e-type=\"container\">\n\t\t\t\t\t<div class=\"e-con-inner\">\n\t\t\t\t\t<\/div>\n\t\t\t\t<\/div>\n\t\t\t\t<\/div>\n\t\t","protected":false},"excerpt":{"rendered":"<p>POSGRADO &#8211; Chiquinquir\u00e1 Especializaci\u00f3n en Mercadeo Estrat\u00e9gico C\u00f3digo SNIES: 102990 Ir al programa Contacto Tel\u00e9fono: (607) 685 2925 Ext. 2034 E-mail: ejecutivoposgrados@unisangil.edu.co \u00bfDeseas m\u00e1s informaci\u00f3n? clic aqu\u00ed<\/p>\n","protected":false},"author":2,"featured_media":0,"parent":0,"menu_order":0,"comment_status":"closed","ping_status":"closed","template":"","meta":{"footnotes":""},"class_list":["post-5703","page","type-page","status-publish","hentry"],"yoast_head":"<!-- This site is optimized with the Yoast SEO plugin v25.6 - https:\/\/yoast.com\/wordpress\/plugins\/seo\/ -->\n<title>Sede Chiquinquir\u00e1 Posgrados - UNISANGIL<\/title>\n<meta name=\"description\" content=\"La palabra administraci\u00f3n tiene su origen etimol\u00f3gico del lat\u00edn ad, que significa: hacia, direcci\u00f3n, tendencia; y minister que significa: subordinaci\u00f3n, obediencia, al servicio de\u2019; y significa \u201caquel que realiza una funci\u00f3n bajo el mando de otro\u201d; es decir, \u201caquel que presta un servicio a otro\u201d, \u201cestar al servicio de otro\u201d de la sociedad, volvi\u00e9ndola m\u00e1s productiva (eficiencia), para el cumplimiento de sus objetivos (eficacia).\" \/>\n<meta name=\"robots\" content=\"index, follow, max-snippet:-1, max-image-preview:large, max-video-preview:-1\" \/>\n<link rel=\"canonical\" href=\"https:\/\/unisangil.edu.co\/?page_id=5703\" \/>\n<meta property=\"og:locale\" content=\"es_ES\" \/>\n<meta property=\"og:type\" content=\"article\" \/>\n<meta property=\"og:title\" content=\"Sede Chiquinquir\u00e1 Posgrados - UNISANGIL\" \/>\n<meta property=\"og:description\" content=\"La palabra administraci\u00f3n tiene su origen etimol\u00f3gico del lat\u00edn ad, que significa: hacia, direcci\u00f3n, tendencia; y minister que significa: subordinaci\u00f3n, obediencia, al servicio de\u2019; y significa \u201caquel que realiza una funci\u00f3n bajo el mando de otro\u201d; es decir, \u201caquel que presta un servicio a otro\u201d, \u201cestar al servicio de otro\u201d de la sociedad, volvi\u00e9ndola m\u00e1s productiva (eficiencia), para el cumplimiento de sus objetivos (eficacia).\" \/>\n<meta property=\"og:url\" content=\"https:\/\/unisangil.edu.co\/?page_id=5703\" \/>\n<meta property=\"og:site_name\" content=\"UNISANGIL\" \/>\n<meta property=\"article:publisher\" content=\"https:\/\/www.facebook.com\/UNISANGIL\" \/>\n<meta property=\"article:modified_time\" content=\"2025-08-25T19:56:08+00:00\" \/>\n<meta property=\"og:image\" content=\"https:\/\/unisangil.edu.co\/wp-content\/uploads\/2023\/08\/prog_eco_sol.jpg\" \/>\n\t<meta property=\"og:image:width\" content=\"300\" \/>\n\t<meta property=\"og:image:height\" content=\"200\" \/>\n\t<meta property=\"og:image:type\" content=\"image\/jpeg\" \/>\n<meta name=\"twitter:card\" content=\"summary_large_image\" \/>\n<meta name=\"twitter:site\" content=\"@UNISANGIL\" \/>\n<meta name=\"twitter:label1\" content=\"Tiempo de lectura\" \/>\n\t<meta name=\"twitter:data1\" content=\"1 minuto\" \/>\n<script type=\"application\/ld+json\" class=\"yoast-schema-graph\">{\"@context\":\"https:\/\/schema.org\",\"@graph\":[{\"@type\":\"WebPage\",\"@id\":\"https:\/\/unisangil.edu.co\/?page_id=5703\",\"url\":\"https:\/\/unisangil.edu.co\/?page_id=5703\",\"name\":\"Sede Chiquinquir\u00e1 Posgrados - UNISANGIL\",\"isPartOf\":{\"@id\":\"https:\/\/unisangil.edu.co\/#website\"},\"primaryImageOfPage\":{\"@id\":\"https:\/\/unisangil.edu.co\/?page_id=5703#primaryimage\"},\"image\":{\"@id\":\"https:\/\/unisangil.edu.co\/?page_id=5703#primaryimage\"},\"thumbnailUrl\":\"https:\/\/unisangil.edu.co\/wp-content\/uploads\/2023\/08\/prog_eco_sol.jpg\",\"datePublished\":\"2023-11-15T16:04:25+00:00\",\"dateModified\":\"2025-08-25T19:56:08+00:00\",\"description\":\"La palabra administraci\u00f3n tiene su origen etimol\u00f3gico del lat\u00edn ad, que significa: hacia, direcci\u00f3n, tendencia; y minister que significa: subordinaci\u00f3n, obediencia, al servicio de\u2019; y significa \u201caquel que realiza una funci\u00f3n bajo el mando de otro\u201d; es decir, \u201caquel que presta un servicio a otro\u201d, \u201cestar al servicio de otro\u201d de la sociedad, volvi\u00e9ndola m\u00e1s productiva (eficiencia), para el cumplimiento de sus objetivos (eficacia).\",\"breadcrumb\":{\"@id\":\"https:\/\/unisangil.edu.co\/?page_id=5703#breadcrumb\"},\"inLanguage\":\"es-CO\",\"potentialAction\":[{\"@type\":\"ReadAction\",\"target\":[\"https:\/\/unisangil.edu.co\/?page_id=5703\"]}]},{\"@type\":\"ImageObject\",\"inLanguage\":\"es-CO\",\"@id\":\"https:\/\/unisangil.edu.co\/?page_id=5703#primaryimage\",\"url\":\"https:\/\/unisangil.edu.co\/wp-content\/uploads\/2023\/08\/prog_eco_sol.jpg\",\"contentUrl\":\"https:\/\/unisangil.edu.co\/wp-content\/uploads\/2023\/08\/prog_eco_sol.jpg\",\"width\":300,\"height\":200},{\"@type\":\"BreadcrumbList\",\"@id\":\"https:\/\/unisangil.edu.co\/?page_id=5703#breadcrumb\",\"itemListElement\":[{\"@type\":\"ListItem\",\"position\":1,\"name\":\"Inicio\",\"item\":\"https:\/\/unisangil.edu.co\/\"},{\"@type\":\"ListItem\",\"position\":2,\"name\":\"Sede Chiquinquir\u00e1 Posgrados\"}]},{\"@type\":\"WebSite\",\"@id\":\"https:\/\/unisangil.edu.co\/#website\",\"url\":\"https:\/\/unisangil.edu.co\/\",\"name\":\"UNISANGIL\",\"description\":\"Somos una Instituci\u00f3n de educaci\u00f3n superior de origen y acci\u00f3n solidarios que contribuye con el desarrollo de la sociedad en los \u00e1mbitos local y regional\",\"publisher\":{\"@id\":\"https:\/\/unisangil.edu.co\/#organization\"},\"potentialAction\":[{\"@type\":\"SearchAction\",\"target\":{\"@type\":\"EntryPoint\",\"urlTemplate\":\"https:\/\/unisangil.edu.co\/?s={search_term_string}\"},\"query-input\":{\"@type\":\"PropertyValueSpecification\",\"valueRequired\":true,\"valueName\":\"search_term_string\"}}],\"inLanguage\":\"es-CO\"},{\"@type\":\"Organization\",\"@id\":\"https:\/\/unisangil.edu.co\/#organization\",\"name\":\"UNISANGIL\",\"url\":\"https:\/\/unisangil.edu.co\/\",\"logo\":{\"@type\":\"ImageObject\",\"inLanguage\":\"es-CO\",\"@id\":\"https:\/\/unisangil.edu.co\/#\/schema\/logo\/image\/\",\"url\":\"https:\/\/unisangil.edu.co\/wp-content\/uploads\/2023\/06\/LOGO-UNISANGIL-WEB-1-2.png\",\"contentUrl\":\"https:\/\/unisangil.edu.co\/wp-content\/uploads\/2023\/06\/LOGO-UNISANGIL-WEB-1-2.png\",\"width\":1250,\"height\":1250,\"caption\":\"UNISANGIL\"},\"image\":{\"@id\":\"https:\/\/unisangil.edu.co\/#\/schema\/logo\/image\/\"},\"sameAs\":[\"https:\/\/www.facebook.com\/UNISANGIL\",\"https:\/\/x.com\/UNISANGIL\"]}]}<\/script>\n<!-- \/ Yoast SEO plugin. -->","yoast_head_json":{"title":"Sede Chiquinquir\u00e1 Posgrados - UNISANGIL","description":"La palabra administraci\u00f3n tiene su origen etimol\u00f3gico del lat\u00edn ad, que significa: hacia, direcci\u00f3n, tendencia; y minister que significa: subordinaci\u00f3n, obediencia, al servicio de\u2019; y significa \u201caquel que realiza una funci\u00f3n bajo el mando de otro\u201d; es decir, \u201caquel que presta un servicio a otro\u201d, \u201cestar al servicio de otro\u201d de la sociedad, volvi\u00e9ndola m\u00e1s productiva (eficiencia), para el cumplimiento de sus objetivos (eficacia).","robots":{"index":"index","follow":"follow","max-snippet":"max-snippet:-1","max-image-preview":"max-image-preview:large","max-video-preview":"max-video-preview:-1"},"canonical":"https:\/\/unisangil.edu.co\/?page_id=5703","og_locale":"es_ES","og_type":"article","og_title":"Sede Chiquinquir\u00e1 Posgrados - UNISANGIL","og_description":"La palabra administraci\u00f3n tiene su origen etimol\u00f3gico del lat\u00edn ad, que significa: hacia, direcci\u00f3n, tendencia; y minister que significa: subordinaci\u00f3n, obediencia, al servicio de\u2019; y significa \u201caquel que realiza una funci\u00f3n bajo el mando de otro\u201d; es decir, \u201caquel que presta un servicio a otro\u201d, \u201cestar al servicio de otro\u201d de la sociedad, volvi\u00e9ndola m\u00e1s productiva (eficiencia), para el cumplimiento de sus objetivos (eficacia).","og_url":"https:\/\/unisangil.edu.co\/?page_id=5703","og_site_name":"UNISANGIL","article_publisher":"https:\/\/www.facebook.com\/UNISANGIL","article_modified_time":"2025-08-25T19:56:08+00:00","og_image":[{"width":300,"height":200,"url":"https:\/\/unisangil.edu.co\/wp-content\/uploads\/2023\/08\/prog_eco_sol.jpg","type":"image\/jpeg"}],"twitter_card":"summary_large_image","twitter_site":"@UNISANGIL","twitter_misc":{"Tiempo de lectura":"1 minuto"},"schema":{"@context":"https:\/\/schema.org","@graph":[{"@type":"WebPage","@id":"https:\/\/unisangil.edu.co\/?page_id=5703","url":"https:\/\/unisangil.edu.co\/?page_id=5703","name":"Sede Chiquinquir\u00e1 Posgrados - UNISANGIL","isPartOf":{"@id":"https:\/\/unisangil.edu.co\/#website"},"primaryImageOfPage":{"@id":"https:\/\/unisangil.edu.co\/?page_id=5703#primaryimage"},"image":{"@id":"https:\/\/unisangil.edu.co\/?page_id=5703#primaryimage"},"thumbnailUrl":"https:\/\/unisangil.edu.co\/wp-content\/uploads\/2023\/08\/prog_eco_sol.jpg","datePublished":"2023-11-15T16:04:25+00:00","dateModified":"2025-08-25T19:56:08+00:00","description":"La palabra administraci\u00f3n tiene su origen etimol\u00f3gico del lat\u00edn ad, que significa: hacia, direcci\u00f3n, tendencia; y minister que significa: subordinaci\u00f3n, obediencia, al servicio de\u2019; y significa \u201caquel que realiza una funci\u00f3n bajo el mando de otro\u201d; es decir, \u201caquel que presta un servicio a otro\u201d, \u201cestar al servicio de otro\u201d de la sociedad, volvi\u00e9ndola m\u00e1s productiva (eficiencia), para el cumplimiento de sus objetivos (eficacia).","breadcrumb":{"@id":"https:\/\/unisangil.edu.co\/?page_id=5703#breadcrumb"},"inLanguage":"es-CO","potentialAction":[{"@type":"ReadAction","target":["https:\/\/unisangil.edu.co\/?page_id=5703"]}]},{"@type":"ImageObject","inLanguage":"es-CO","@id":"https:\/\/unisangil.edu.co\/?page_id=5703#primaryimage","url":"https:\/\/unisangil.edu.co\/wp-content\/uploads\/2023\/08\/prog_eco_sol.jpg","contentUrl":"https:\/\/unisangil.edu.co\/wp-content\/uploads\/2023\/08\/prog_eco_sol.jpg","width":300,"height":200},{"@type":"BreadcrumbList","@id":"https:\/\/unisangil.edu.co\/?page_id=5703#breadcrumb","itemListElement":[{"@type":"ListItem","position":1,"name":"Inicio","item":"https:\/\/unisangil.edu.co\/"},{"@type":"ListItem","position":2,"name":"Sede Chiquinquir\u00e1 Posgrados"}]},{"@type":"WebSite","@id":"https:\/\/unisangil.edu.co\/#website","url":"https:\/\/unisangil.edu.co\/","name":"UNISANGIL","description":"Somos una Instituci\u00f3n de educaci\u00f3n superior de origen y acci\u00f3n solidarios que contribuye con el desarrollo de la sociedad en los \u00e1mbitos local y regional","publisher":{"@id":"https:\/\/unisangil.edu.co\/#organization"},"potentialAction":[{"@type":"SearchAction","target":{"@type":"EntryPoint","urlTemplate":"https:\/\/unisangil.edu.co\/?s={search_term_string}"},"query-input":{"@type":"PropertyValueSpecification","valueRequired":true,"valueName":"search_term_string"}}],"inLanguage":"es-CO"},{"@type":"Organization","@id":"https:\/\/unisangil.edu.co\/#organization","name":"UNISANGIL","url":"https:\/\/unisangil.edu.co\/","logo":{"@type":"ImageObject","inLanguage":"es-CO","@id":"https:\/\/unisangil.edu.co\/#\/schema\/logo\/image\/","url":"https:\/\/unisangil.edu.co\/wp-content\/uploads\/2023\/06\/LOGO-UNISANGIL-WEB-1-2.png","contentUrl":"https:\/\/unisangil.edu.co\/wp-content\/uploads\/2023\/06\/LOGO-UNISANGIL-WEB-1-2.png","width":1250,"height":1250,"caption":"UNISANGIL"},"image":{"@id":"https:\/\/unisangil.edu.co\/#\/schema\/logo\/image\/"},"sameAs":["https:\/\/www.facebook.com\/UNISANGIL","https:\/\/x.com\/UNISANGIL"]}]}},"_links":{"self":[{"href":"https:\/\/unisangil.edu.co\/index.php?rest_route=\/wp\/v2\/pages\/5703"}],"collection":[{"href":"https:\/\/unisangil.edu.co\/index.php?rest_route=\/wp\/v2\/pages"}],"about":[{"href":"https:\/\/unisangil.edu.co\/index.php?rest_route=\/wp\/v2\/types\/page"}],"author":[{"embeddable":true,"href":"https:\/\/unisangil.edu.co\/index.php?rest_route=\/wp\/v2\/users\/2"}],"replies":[{"embeddable":true,"href":"https:\/\/unisangil.edu.co\/index.php?rest_route=%2Fwp%2Fv2%2Fcomments&post=5703"}],"version-history":[{"count":19,"href":"https:\/\/unisangil.edu.co\/index.php?rest_route=\/wp\/v2\/pages\/5703\/revisions"}],"predecessor-version":[{"id":19997,"href":"https:\/\/unisangil.edu.co\/index.php?rest_route=\/wp\/v2\/pages\/5703\/revisions\/19997"}],"wp:attachment":[{"href":"https:\/\/unisangil.edu.co\/index.php?rest_route=%2Fwp%2Fv2%2Fmedia&parent=5703"}],"curies":[{"name":"wp","href":"https:\/\/api.w.org\/{rel}","templated":true}]}}