{"id":21476,"date":"2025-11-27T15:06:42","date_gmt":"2025-11-27T20:06:42","guid":{"rendered":"https:\/\/unisangil.edu.co\/?page_id=21476"},"modified":"2026-02-25T08:30:16","modified_gmt":"2026-02-25T13:30:16","slug":"propiedad-intelectual-grupos-de-investigacion-2","status":"publish","type":"page","link":"https:\/\/unisangil.edu.co\/?page_id=21476","title":{"rendered":"Estructura Organizacional"},"content":{"rendered":"\t\t<div data-elementor-type=\"wp-page\" data-elementor-id=\"21476\" class=\"elementor elementor-21476\" data-elementor-post-type=\"page\">\n\t\t\t\t\t\t<section class=\"elementor-section elementor-top-section elementor-element elementor-element-4a4d6a09 elementor-section-height-min-height elementor-section-boxed elementor-section-height-default elementor-section-items-middle\" data-id=\"4a4d6a09\" data-element_type=\"section\" data-e-type=\"section\" data-settings=\"{&quot;background_background&quot;:&quot;video&quot;,&quot;background_motion_fx_opacity_effect&quot;:&quot;yes&quot;,&quot;background_motion_fx_opacity_range&quot;:{&quot;unit&quot;:&quot;%&quot;,&quot;size&quot;:&quot;&quot;,&quot;sizes&quot;:{&quot;start&quot;:&quot;51&quot;,&quot;end&quot;:&quot;76&quot;}},&quot;background_motion_fx_opacity_direction&quot;:&quot;in-out&quot;,&quot;background_video_link&quot;:&quot;wp-content\\\/uploads\\\/Documentos\\\/videos\\\/noticias.mp4&quot;,&quot;background_play_on_mobile&quot;:&quot;yes&quot;,&quot;background_motion_fx_opacity_level&quot;:{&quot;unit&quot;:&quot;px&quot;,&quot;size&quot;:10,&quot;sizes&quot;:[]},&quot;background_motion_fx_devices&quot;:[&quot;desktop&quot;,&quot;tablet&quot;,&quot;mobile&quot;]}\">\n\t\t\t\t\t\t\t\t<div class=\"elementor-background-video-container\">\n\t\t\t\t\t\t\t\t\t\t\t\t\t<video class=\"elementor-background-video-hosted\" role=\"presentation\" autoplay muted playsinline loop><\/video>\n\t\t\t\t\t\t\t\t\t\t\t<\/div>\n\t\t\t\t\t\t\t\t\t<div class=\"elementor-background-overlay\"><\/div>\n\t\t\t\t\t\t\t<div class=\"elementor-container elementor-column-gap-default\">\n\t\t\t\t\t<div class=\"elementor-column elementor-col-100 elementor-top-column elementor-element elementor-element-3657325\" data-id=\"3657325\" data-element_type=\"column\" data-e-type=\"column\">\n\t\t\t<div class=\"elementor-widget-wrap elementor-element-populated\">\n\t\t\t\t\t\t\t<\/div>\n\t\t<\/div>\n\t\t\t\t\t<\/div>\n\t\t<\/section>\n\t\t\t\t<section class=\"elementor-section elementor-top-section elementor-element elementor-element-c7c577e elementor-section-boxed elementor-section-height-default elementor-section-height-default\" data-id=\"c7c577e\" data-element_type=\"section\" data-e-type=\"section\">\n\t\t\t\t\t\t<div class=\"elementor-container elementor-column-gap-default\">\n\t\t\t\t\t<div class=\"elementor-column elementor-col-50 elementor-top-column elementor-element elementor-element-c410353 elementor-invisible\" data-id=\"c410353\" data-element_type=\"column\" data-e-type=\"column\" data-settings=\"{&quot;background_background&quot;:&quot;classic&quot;,&quot;motion_fx_motion_fx_mouse&quot;:&quot;yes&quot;,&quot;animation&quot;:&quot;slideInLeft&quot;}\">\n\t\t\t<div class=\"elementor-widget-wrap elementor-element-populated\">\n\t\t\t\t\t\t<div class=\"elementor-element elementor-element-bb15d2b elementor-view-framed elementor-position-inline-start elementor-widget__width-initial elementor-mobile-position-inline-start elementor-shape-circle elementor-invisible elementor-widget elementor-widget-icon-box\" data-id=\"bb15d2b\" data-element_type=\"widget\" data-e-type=\"widget\" data-settings=\"{&quot;motion_fx_motion_fx_mouse&quot;:&quot;yes&quot;,&quot;_animation&quot;:&quot;zoomIn&quot;}\" data-widget_type=\"icon-box.default\">\n\t\t\t\t<div class=\"elementor-widget-container\">\n\t\t\t\t\t\t\t<div class=\"elementor-icon-box-wrapper\">\n\n\t\t\t\t\t\t<div class=\"elementor-icon-box-icon\">\n\t\t\t\t<span  class=\"elementor-icon\">\n\t\t\t\t<i aria-hidden=\"true\" class=\"fas fa-city\"><\/i>\t\t\t\t<\/span>\n\t\t\t<\/div>\n\t\t\t\n\t\t\t\t\t\t<div class=\"elementor-icon-box-content\">\n\n\t\t\t\t\t\t\t\t\t<h3 class=\"elementor-icon-box-title\">\n\t\t\t\t\t\t<span  >\n\t\t\t\t\t\t\tEstructura Organizacional\t\t\t\t\t\t<\/span>\n\t\t\t\t\t<\/h3>\n\t\t\t\t\n\t\t\t\t\n\t\t\t<\/div>\n\t\t\t\n\t\t<\/div>\n\t\t\t\t\t\t<\/div>\n\t\t\t\t<\/div>\n\t\t\t\t\t<\/div>\n\t\t<\/div>\n\t\t\t\t<div class=\"elementor-column elementor-col-50 elementor-top-column elementor-element elementor-element-d890efe\" data-id=\"d890efe\" data-element_type=\"column\" data-e-type=\"column\">\n\t\t\t<div class=\"elementor-widget-wrap\">\n\t\t\t\t\t\t\t<\/div>\n\t\t<\/div>\n\t\t\t\t\t<\/div>\n\t\t<\/section>\n\t\t\t\t<section class=\"elementor-section elementor-top-section elementor-element elementor-element-ab5d895 elementor-section-boxed elementor-section-height-default elementor-section-height-default\" data-id=\"ab5d895\" data-element_type=\"section\" data-e-type=\"section\">\n\t\t\t\t\t\t<div class=\"elementor-container elementor-column-gap-default\">\n\t\t\t\t\t<div class=\"elementor-column elementor-col-100 elementor-top-column elementor-element elementor-element-72f93e2\" data-id=\"72f93e2\" data-element_type=\"column\" data-e-type=\"column\" data-settings=\"{&quot;background_background&quot;:&quot;classic&quot;}\">\n\t\t\t<div class=\"elementor-widget-wrap elementor-element-populated\">\n\t\t\t\t\t\t<div class=\"elementor-element elementor-element-05f2e41 elementor-invisible elementor-widget elementor-widget-text-editor\" data-id=\"05f2e41\" data-element_type=\"widget\" data-e-type=\"widget\" data-settings=\"{&quot;motion_fx_motion_fx_mouse&quot;:&quot;yes&quot;,&quot;_animation&quot;:&quot;zoomIn&quot;}\" data-widget_type=\"text-editor.default\">\n\t\t\t\t<div class=\"elementor-widget-container\">\n\t\t\t\t\t\t\t\t\t<p>La Estructura Organizacional define la jerarqu\u00eda, l\u00edneas de autoridad y mando, responsabilidades, canales de comunicaci\u00f3n que existen a nivel general en la instituci\u00f3n.<\/p><p>UNISANGIL ha actualizaci\u00f3n su estructura organizacional en el 2025 incorporado un estudio riguroso de aspectos importantes como: ajustes en la denominaci\u00f3n de algunas dependencias, cargos y de ubicaci\u00f3n, reajustes en las actividades que desarrollan las \u00e1reas y cargos, niveles de autoridad y mando, roles de orientaci\u00f3n y lineamientos en las diferentes dependencias de la sede central, as\u00ed como la relaci\u00f3n de \u00e9sta con las dem\u00e1s sedes, lo que permite el logro de los objetivos institucionales y por ende el fortalecimiento de la instituci\u00f3n.<\/p>\t\t\t\t\t\t\t\t<\/div>\n\t\t\t\t<\/div>\n\t\t\t\t\t<\/div>\n\t\t<\/div>\n\t\t\t\t\t<\/div>\n\t\t<\/section>\n\t\t\t\t<section class=\"elementor-section elementor-top-section elementor-element elementor-element-7f585cf elementor-section-boxed elementor-section-height-default elementor-section-height-default\" data-id=\"7f585cf\" data-element_type=\"section\" data-e-type=\"section\" data-settings=\"{&quot;background_background&quot;:&quot;classic&quot;}\">\n\t\t\t\t\t\t<div class=\"elementor-container elementor-column-gap-default\">\n\t\t\t\t\t<div class=\"elementor-column elementor-col-100 elementor-top-column elementor-element elementor-element-8fed4c1\" data-id=\"8fed4c1\" data-element_type=\"column\" data-e-type=\"column\">\n\t\t\t<div class=\"elementor-widget-wrap elementor-element-populated\">\n\t\t\t\t\t\t<div class=\"elementor-element elementor-element-6520528 elementor-view-framed elementor-position-inline-start elementor-widget__width-initial elementor-mobile-position-inline-start elementor-shape-circle elementor-invisible elementor-widget elementor-widget-icon-box\" data-id=\"6520528\" data-element_type=\"widget\" data-e-type=\"widget\" data-settings=\"{&quot;motion_fx_motion_fx_mouse&quot;:&quot;yes&quot;,&quot;_animation&quot;:&quot;zoomIn&quot;}\" data-widget_type=\"icon-box.default\">\n\t\t\t\t<div class=\"elementor-widget-container\">\n\t\t\t\t\t\t\t<div class=\"elementor-icon-box-wrapper\">\n\n\t\t\t\t\t\t<div class=\"elementor-icon-box-icon\">\n\t\t\t\t<span  class=\"elementor-icon\">\n\t\t\t\t<i aria-hidden=\"true\" class=\"fas fa-network-wired\"><\/i>\t\t\t\t<\/span>\n\t\t\t<\/div>\n\t\t\t\n\t\t\t\t\t\t<div class=\"elementor-icon-box-content\">\n\n\t\t\t\t\t\t\t\t\t<h3 class=\"elementor-icon-box-title\">\n\t\t\t\t\t\t<span  >\n\t\t\t\t\t\t\tEstructuras\t\t\t\t\t\t<\/span>\n\t\t\t\t\t<\/h3>\n\t\t\t\t\n\t\t\t\t\n\t\t\t<\/div>\n\t\t\t\n\t\t<\/div>\n\t\t\t\t\t\t<\/div>\n\t\t\t\t<\/div>\n\t\t\t\t<div class=\"elementor-element elementor-element-6b40aa8 elementor-widget__width-initial elementor-widget elementor-widget-gallery\" data-id=\"6b40aa8\" data-element_type=\"widget\" data-e-type=\"widget\" data-settings=\"{&quot;columns&quot;:5,&quot;gap&quot;:{&quot;unit&quot;:&quot;px&quot;,&quot;size&quot;:5,&quot;sizes&quot;:[]},&quot;lazyload&quot;:&quot;yes&quot;,&quot;gallery_layout&quot;:&quot;grid&quot;,&quot;columns_tablet&quot;:2,&quot;columns_mobile&quot;:1,&quot;gap_tablet&quot;:{&quot;unit&quot;:&quot;px&quot;,&quot;size&quot;:10,&quot;sizes&quot;:[]},&quot;gap_mobile&quot;:{&quot;unit&quot;:&quot;px&quot;,&quot;size&quot;:10,&quot;sizes&quot;:[]},&quot;link_to&quot;:&quot;file&quot;,&quot;aspect_ratio&quot;:&quot;3:2&quot;,&quot;overlay_background&quot;:&quot;yes&quot;,&quot;content_hover_animation&quot;:&quot;fade-in&quot;}\" data-widget_type=\"gallery.default\">\n\t\t\t\t<div class=\"elementor-widget-container\">\n\t\t\t\t\t\t\t<div class=\"elementor-gallery__container\">\n\t\t\t\t\t\t\t<a class=\"e-gallery-item elementor-gallery-item elementor-animated-content\" href=\"https:\/\/unisangil.edu.co\/wp-content\/uploads\/2026\/02\/Estructura-General-UNISANGIL-2025-1-V3.jpg\" data-elementor-open-lightbox=\"yes\" data-elementor-lightbox-slideshow=\"6b40aa8\" data-elementor-lightbox-title=\"Estructura General UNISANGIL 2025 1 V3\" data-e-action-hash=\"#elementor-action%3Aaction%3Dlightbox%26settings%3DeyJpZCI6MjM2NjUsInVybCI6Imh0dHBzOlwvXC91bmlzYW5naWwuZWR1LmNvXC93cC1jb250ZW50XC91cGxvYWRzXC8yMDI2XC8wMlwvRXN0cnVjdHVyYS1HZW5lcmFsLVVOSVNBTkdJTC0yMDI1LTEtVjMuanBnIiwic2xpZGVzaG93IjoiNmI0MGFhOCJ9\">\n\t\t\t\t\t<div class=\"e-gallery-image elementor-gallery-item__image\" data-thumbnail=\"https:\/\/unisangil.edu.co\/wp-content\/uploads\/2026\/02\/Estructura-General-UNISANGIL-2025-1-V3-300x194.jpg\" data-width=\"300\" data-height=\"194\" aria-label=\"\" role=\"img\" ><\/div>\n\t\t\t\t\t\t\t\t\t\t\t<div class=\"elementor-gallery-item__overlay\"><\/div>\n\t\t\t\t\t\t\t\t\t\t\t\t\t\t<\/a>\n\t\t\t\t\t\t\t<a class=\"e-gallery-item elementor-gallery-item elementor-animated-content\" href=\"https:\/\/unisangil.edu.co\/wp-content\/uploads\/2026\/02\/Estructura-General-UNISANGIL-2025-2-V3.jpg\" data-elementor-open-lightbox=\"yes\" data-elementor-lightbox-slideshow=\"6b40aa8\" data-elementor-lightbox-title=\"Estructura General UNISANGIL 2025 2 V3\" data-e-action-hash=\"#elementor-action%3Aaction%3Dlightbox%26settings%3DeyJpZCI6MjM2NjQsInVybCI6Imh0dHBzOlwvXC91bmlzYW5naWwuZWR1LmNvXC93cC1jb250ZW50XC91cGxvYWRzXC8yMDI2XC8wMlwvRXN0cnVjdHVyYS1HZW5lcmFsLVVOSVNBTkdJTC0yMDI1LTItVjMuanBnIiwic2xpZGVzaG93IjoiNmI0MGFhOCJ9\">\n\t\t\t\t\t<div class=\"e-gallery-image elementor-gallery-item__image\" data-thumbnail=\"https:\/\/unisangil.edu.co\/wp-content\/uploads\/2026\/02\/Estructura-General-UNISANGIL-2025-2-V3-300x194.jpg\" data-width=\"300\" data-height=\"194\" aria-label=\"\" role=\"img\" ><\/div>\n\t\t\t\t\t\t\t\t\t\t\t<div class=\"elementor-gallery-item__overlay\"><\/div>\n\t\t\t\t\t\t\t\t\t\t\t\t\t\t<\/a>\n\t\t\t\t\t\t\t<a class=\"e-gallery-item elementor-gallery-item elementor-animated-content\" href=\"https:\/\/unisangil.edu.co\/wp-content\/uploads\/2026\/02\/Estructura-General-UNISANGIL-2025-3-V3.png\" data-elementor-open-lightbox=\"yes\" data-elementor-lightbox-slideshow=\"6b40aa8\" data-elementor-lightbox-title=\"Estructura General UNISANGIL 2025 3 V3\" data-e-action-hash=\"#elementor-action%3Aaction%3Dlightbox%26settings%3DeyJpZCI6MjM2NjMsInVybCI6Imh0dHBzOlwvXC91bmlzYW5naWwuZWR1LmNvXC93cC1jb250ZW50XC91cGxvYWRzXC8yMDI2XC8wMlwvRXN0cnVjdHVyYS1HZW5lcmFsLVVOSVNBTkdJTC0yMDI1LTMtVjMucG5nIiwic2xpZGVzaG93IjoiNmI0MGFhOCJ9\">\n\t\t\t\t\t<div class=\"e-gallery-image elementor-gallery-item__image\" data-thumbnail=\"https:\/\/unisangil.edu.co\/wp-content\/uploads\/2026\/02\/Estructura-General-UNISANGIL-2025-3-V3-300x194.png\" data-width=\"300\" data-height=\"194\" aria-label=\"\" role=\"img\" ><\/div>\n\t\t\t\t\t\t\t\t\t\t\t<div class=\"elementor-gallery-item__overlay\"><\/div>\n\t\t\t\t\t\t\t\t\t\t\t\t\t\t<\/a>\n\t\t\t\t\t\t\t<a class=\"e-gallery-item elementor-gallery-item elementor-animated-content\" href=\"https:\/\/unisangil.edu.co\/wp-content\/uploads\/2026\/02\/Estructura-General-UNISANGIL-2025-4-V3.png\" data-elementor-open-lightbox=\"yes\" data-elementor-lightbox-slideshow=\"6b40aa8\" data-elementor-lightbox-title=\"Estructura General UNISANGIL 2025 4 V3\" data-e-action-hash=\"#elementor-action%3Aaction%3Dlightbox%26settings%3DeyJpZCI6MjM2NjIsInVybCI6Imh0dHBzOlwvXC91bmlzYW5naWwuZWR1LmNvXC93cC1jb250ZW50XC91cGxvYWRzXC8yMDI2XC8wMlwvRXN0cnVjdHVyYS1HZW5lcmFsLVVOSVNBTkdJTC0yMDI1LTQtVjMucG5nIiwic2xpZGVzaG93IjoiNmI0MGFhOCJ9\">\n\t\t\t\t\t<div class=\"e-gallery-image elementor-gallery-item__image\" data-thumbnail=\"https:\/\/unisangil.edu.co\/wp-content\/uploads\/2026\/02\/Estructura-General-UNISANGIL-2025-4-V3-300x194.png\" data-width=\"300\" data-height=\"194\" aria-label=\"\" role=\"img\" ><\/div>\n\t\t\t\t\t\t\t\t\t\t\t<div class=\"elementor-gallery-item__overlay\"><\/div>\n\t\t\t\t\t\t\t\t\t\t\t\t\t\t<\/a>\n\t\t\t\t\t\t\t<a class=\"e-gallery-item elementor-gallery-item elementor-animated-content\" href=\"https:\/\/unisangil.edu.co\/wp-content\/uploads\/2026\/02\/Estructura-General-UNISANGIL-2025-5-V3.png\" data-elementor-open-lightbox=\"yes\" data-elementor-lightbox-slideshow=\"6b40aa8\" data-elementor-lightbox-title=\"Estructura General UNISANGIL 2025 5 V3\" data-e-action-hash=\"#elementor-action%3Aaction%3Dlightbox%26settings%3DeyJpZCI6MjM2NjEsInVybCI6Imh0dHBzOlwvXC91bmlzYW5naWwuZWR1LmNvXC93cC1jb250ZW50XC91cGxvYWRzXC8yMDI2XC8wMlwvRXN0cnVjdHVyYS1HZW5lcmFsLVVOSVNBTkdJTC0yMDI1LTUtVjMucG5nIiwic2xpZGVzaG93IjoiNmI0MGFhOCJ9\">\n\t\t\t\t\t<div class=\"e-gallery-image elementor-gallery-item__image\" data-thumbnail=\"https:\/\/unisangil.edu.co\/wp-content\/uploads\/2026\/02\/Estructura-General-UNISANGIL-2025-5-V3-300x194.png\" data-width=\"300\" data-height=\"194\" aria-label=\"\" role=\"img\" ><\/div>\n\t\t\t\t\t\t\t\t\t\t\t<div class=\"elementor-gallery-item__overlay\"><\/div>\n\t\t\t\t\t\t\t\t\t\t\t\t\t\t<\/a>\n\t\t\t\t\t<\/div>\n\t\t\t\t\t<\/div>\n\t\t\t\t<\/div>\n\t\t\t\t<div class=\"elementor-element elementor-element-ed2f85c elementor-widget elementor-widget-spacer\" data-id=\"ed2f85c\" data-element_type=\"widget\" data-e-type=\"widget\" data-widget_type=\"spacer.default\">\n\t\t\t\t<div class=\"elementor-widget-container\">\n\t\t\t\t\t\t\t<div class=\"elementor-spacer\">\n\t\t\t<div class=\"elementor-spacer-inner\"><\/div>\n\t\t<\/div>\n\t\t\t\t\t\t<\/div>\n\t\t\t\t<\/div>\n\t\t\t\t<div class=\"elementor-element elementor-element-69a7c74 elementor-widget elementor-widget-n-accordion\" data-id=\"69a7c74\" data-element_type=\"widget\" data-e-type=\"widget\" data-settings=\"{&quot;default_state&quot;:&quot;all_collapsed&quot;,&quot;max_items_expended&quot;:&quot;one&quot;,&quot;n_accordion_animation_duration&quot;:{&quot;unit&quot;:&quot;ms&quot;,&quot;size&quot;:400,&quot;sizes&quot;:[]}}\" data-widget_type=\"nested-accordion.default\">\n\t\t\t\t<div class=\"elementor-widget-container\">\n\t\t\t\t\t\t\t<div class=\"e-n-accordion\" aria-label=\"Accordion. Open links with Enter or Space, close with Escape, and navigate with Arrow Keys\">\n\t\t\t\t\t\t<details id=\"e-n-accordion-item-1100\" class=\"e-n-accordion-item\" >\n\t\t\t\t<summary class=\"e-n-accordion-item-title\" data-accordion-index=\"1\" tabindex=\"0\" aria-expanded=\"false\" aria-controls=\"e-n-accordion-item-1100\" >\n\t\t\t\t\t<span class='e-n-accordion-item-title-header'><div class=\"e-n-accordion-item-title-text\"> Descarga aqu\u00ed <\/div><\/span>\n\t\t\t\t\t\t\t<span class='e-n-accordion-item-title-icon'>\n\t\t\t<span class='e-opened' ><i aria-hidden=\"true\" class=\"fas fa-minus\"><\/i><\/span>\n\t\t\t<span class='e-closed'><i aria-hidden=\"true\" class=\"fas fa-plus\"><\/i><\/span>\n\t\t<\/span>\n\n\t\t\t\t\t\t<\/summary>\n\t\t\t\t<div role=\"region\" aria-labelledby=\"e-n-accordion-item-1100\" class=\"elementor-element elementor-element-d31fb39 e-con-full e-flex e-con e-child\" data-id=\"d31fb39\" data-element_type=\"container\" data-e-type=\"container\">\n\t\t\t\t<div class=\"elementor-element elementor-element-0876895 elementor-widget elementor-widget-text-editor\" data-id=\"0876895\" data-element_type=\"widget\" data-e-type=\"widget\" data-widget_type=\"text-editor.default\">\n\t\t\t\t<div class=\"elementor-widget-container\">\n\t\t\t\t\t\t\t\t\t<p><a href=\"https:\/\/unisangil.edu.co\/wp-content\/uploads\/2026\/02\/Estructura-General-UNISANGIL-2025-1-V3-1.jpg\">Estructura General<\/a><\/p><p><a href=\"https:\/\/unisangil.edu.co\/wp-content\/uploads\/2026\/02\/Estructura-General-UNISANGIL-2025-2-V3-1.jpg\">Estructura de Sede<\/a><\/p><p><a href=\"https:\/\/unisangil.edu.co\/wp-content\/uploads\/2026\/02\/Estructura-General-UNISANGIL-2025-3-V3-1.png\">Estructura Vicerrector\u00eda Acad\u00e9mica<\/a><\/p><p><a href=\"https:\/\/unisangil.edu.co\/wp-content\/uploads\/2026\/02\/Estructura-General-UNISANGIL-2025-4-V3-1.png\">Estructura de Facultad<\/a><\/p><p><a href=\"https:\/\/unisangil.edu.co\/wp-content\/uploads\/2026\/02\/Estructura-General-UNISANGIL-2025-5-V3-1.png\">Estructura Vicerrector\u00eda Administrativa y Financiera<\/a><\/p>\t\t\t\t\t\t\t\t<\/div>\n\t\t\t\t<\/div>\n\t\t\t\t<\/div>\n\t\t\t\t\t<\/details>\n\t\t\t\t\t<\/div>\n\t\t\t\t\t\t<\/div>\n\t\t\t\t<\/div>\n\t\t\t\t\t<\/div>\n\t\t<\/div>\n\t\t\t\t\t<\/div>\n\t\t<\/section>\n\t\t\t\t<\/div>\n\t\t","protected":false},"excerpt":{"rendered":"<p>Estructura Organizacional La Estructura Organizacional define la jerarqu\u00eda, l\u00edneas de autoridad y mando, responsabilidades, canales de comunicaci\u00f3n que existen a nivel general en la instituci\u00f3n. UNISANGIL ha actualizaci\u00f3n su estructura organizacional en el 2025 incorporado un estudio riguroso de aspectos importantes como: ajustes en la denominaci\u00f3n de algunas dependencias, cargos y de ubicaci\u00f3n, reajustes en [&hellip;]<\/p>\n","protected":false},"author":2,"featured_media":0,"parent":0,"menu_order":0,"comment_status":"closed","ping_status":"closed","template":"","meta":{"footnotes":""},"class_list":["post-21476","page","type-page","status-publish","hentry"],"yoast_head":"<!-- This site is optimized with the Yoast SEO plugin v25.6 - https:\/\/yoast.com\/wordpress\/plugins\/seo\/ -->\n<title>Estructura Organizacional - UNISANGIL<\/title>\n<meta name=\"robots\" content=\"index, follow, max-snippet:-1, max-image-preview:large, max-video-preview:-1\" \/>\n<link rel=\"canonical\" href=\"https:\/\/unisangil.edu.co\/?page_id=21476\" \/>\n<meta property=\"og:locale\" content=\"es_ES\" \/>\n<meta property=\"og:type\" content=\"article\" \/>\n<meta property=\"og:title\" content=\"Estructura Organizacional - UNISANGIL\" \/>\n<meta property=\"og:description\" content=\"Estructura Organizacional La Estructura Organizacional define la jerarqu\u00eda, l\u00edneas de autoridad y mando, responsabilidades, canales de comunicaci\u00f3n que existen a nivel general en la instituci\u00f3n. UNISANGIL ha actualizaci\u00f3n su estructura organizacional en el 2025 incorporado un estudio riguroso de aspectos importantes como: ajustes en la denominaci\u00f3n de algunas dependencias, cargos y de ubicaci\u00f3n, reajustes en [&hellip;]\" \/>\n<meta property=\"og:url\" content=\"https:\/\/unisangil.edu.co\/?page_id=21476\" \/>\n<meta property=\"og:site_name\" content=\"UNISANGIL\" \/>\n<meta property=\"article:publisher\" content=\"https:\/\/www.facebook.com\/UNISANGIL\" \/>\n<meta property=\"article:modified_time\" content=\"2026-02-25T13:30:16+00:00\" \/>\n<meta name=\"twitter:card\" content=\"summary_large_image\" \/>\n<meta name=\"twitter:site\" content=\"@UNISANGIL\" \/>\n<meta name=\"twitter:label1\" content=\"Tiempo de lectura\" \/>\n\t<meta name=\"twitter:data1\" content=\"1 minuto\" \/>\n<script type=\"application\/ld+json\" class=\"yoast-schema-graph\">{\"@context\":\"https:\/\/schema.org\",\"@graph\":[{\"@type\":\"WebPage\",\"@id\":\"https:\/\/unisangil.edu.co\/?page_id=21476\",\"url\":\"https:\/\/unisangil.edu.co\/?page_id=21476\",\"name\":\"Estructura Organizacional - UNISANGIL\",\"isPartOf\":{\"@id\":\"https:\/\/unisangil.edu.co\/#website\"},\"datePublished\":\"2025-11-27T20:06:42+00:00\",\"dateModified\":\"2026-02-25T13:30:16+00:00\",\"breadcrumb\":{\"@id\":\"https:\/\/unisangil.edu.co\/?page_id=21476#breadcrumb\"},\"inLanguage\":\"es-CO\",\"potentialAction\":[{\"@type\":\"ReadAction\",\"target\":[\"https:\/\/unisangil.edu.co\/?page_id=21476\"]}]},{\"@type\":\"BreadcrumbList\",\"@id\":\"https:\/\/unisangil.edu.co\/?page_id=21476#breadcrumb\",\"itemListElement\":[{\"@type\":\"ListItem\",\"position\":1,\"name\":\"Inicio\",\"item\":\"https:\/\/unisangil.edu.co\/\"},{\"@type\":\"ListItem\",\"position\":2,\"name\":\"Estructura Organizacional\"}]},{\"@type\":\"WebSite\",\"@id\":\"https:\/\/unisangil.edu.co\/#website\",\"url\":\"https:\/\/unisangil.edu.co\/\",\"name\":\"UNISANGIL\",\"description\":\"Somos una Instituci\u00f3n de educaci\u00f3n superior de origen y acci\u00f3n solidarios que contribuye con el desarrollo de la sociedad en los \u00e1mbitos local y regional\",\"publisher\":{\"@id\":\"https:\/\/unisangil.edu.co\/#organization\"},\"potentialAction\":[{\"@type\":\"SearchAction\",\"target\":{\"@type\":\"EntryPoint\",\"urlTemplate\":\"https:\/\/unisangil.edu.co\/?s={search_term_string}\"},\"query-input\":{\"@type\":\"PropertyValueSpecification\",\"valueRequired\":true,\"valueName\":\"search_term_string\"}}],\"inLanguage\":\"es-CO\"},{\"@type\":\"Organization\",\"@id\":\"https:\/\/unisangil.edu.co\/#organization\",\"name\":\"UNISANGIL\",\"url\":\"https:\/\/unisangil.edu.co\/\",\"logo\":{\"@type\":\"ImageObject\",\"inLanguage\":\"es-CO\",\"@id\":\"https:\/\/unisangil.edu.co\/#\/schema\/logo\/image\/\",\"url\":\"https:\/\/unisangil.edu.co\/wp-content\/uploads\/2023\/06\/LOGO-UNISANGIL-WEB-1-2.png\",\"contentUrl\":\"https:\/\/unisangil.edu.co\/wp-content\/uploads\/2023\/06\/LOGO-UNISANGIL-WEB-1-2.png\",\"width\":1250,\"height\":1250,\"caption\":\"UNISANGIL\"},\"image\":{\"@id\":\"https:\/\/unisangil.edu.co\/#\/schema\/logo\/image\/\"},\"sameAs\":[\"https:\/\/www.facebook.com\/UNISANGIL\",\"https:\/\/x.com\/UNISANGIL\"]}]}<\/script>\n<!-- \/ Yoast SEO plugin. -->","yoast_head_json":{"title":"Estructura Organizacional - UNISANGIL","robots":{"index":"index","follow":"follow","max-snippet":"max-snippet:-1","max-image-preview":"max-image-preview:large","max-video-preview":"max-video-preview:-1"},"canonical":"https:\/\/unisangil.edu.co\/?page_id=21476","og_locale":"es_ES","og_type":"article","og_title":"Estructura Organizacional - UNISANGIL","og_description":"Estructura Organizacional La Estructura Organizacional define la jerarqu\u00eda, l\u00edneas de autoridad y mando, responsabilidades, canales de comunicaci\u00f3n que existen a nivel general en la instituci\u00f3n. UNISANGIL ha actualizaci\u00f3n su estructura organizacional en el 2025 incorporado un estudio riguroso de aspectos importantes como: ajustes en la denominaci\u00f3n de algunas dependencias, cargos y de ubicaci\u00f3n, reajustes en [&hellip;]","og_url":"https:\/\/unisangil.edu.co\/?page_id=21476","og_site_name":"UNISANGIL","article_publisher":"https:\/\/www.facebook.com\/UNISANGIL","article_modified_time":"2026-02-25T13:30:16+00:00","twitter_card":"summary_large_image","twitter_site":"@UNISANGIL","twitter_misc":{"Tiempo de lectura":"1 minuto"},"schema":{"@context":"https:\/\/schema.org","@graph":[{"@type":"WebPage","@id":"https:\/\/unisangil.edu.co\/?page_id=21476","url":"https:\/\/unisangil.edu.co\/?page_id=21476","name":"Estructura Organizacional - UNISANGIL","isPartOf":{"@id":"https:\/\/unisangil.edu.co\/#website"},"datePublished":"2025-11-27T20:06:42+00:00","dateModified":"2026-02-25T13:30:16+00:00","breadcrumb":{"@id":"https:\/\/unisangil.edu.co\/?page_id=21476#breadcrumb"},"inLanguage":"es-CO","potentialAction":[{"@type":"ReadAction","target":["https:\/\/unisangil.edu.co\/?page_id=21476"]}]},{"@type":"BreadcrumbList","@id":"https:\/\/unisangil.edu.co\/?page_id=21476#breadcrumb","itemListElement":[{"@type":"ListItem","position":1,"name":"Inicio","item":"https:\/\/unisangil.edu.co\/"},{"@type":"ListItem","position":2,"name":"Estructura Organizacional"}]},{"@type":"WebSite","@id":"https:\/\/unisangil.edu.co\/#website","url":"https:\/\/unisangil.edu.co\/","name":"UNISANGIL","description":"Somos una Instituci\u00f3n de educaci\u00f3n superior de origen y acci\u00f3n solidarios que contribuye con el desarrollo de la sociedad en los \u00e1mbitos local y regional","publisher":{"@id":"https:\/\/unisangil.edu.co\/#organization"},"potentialAction":[{"@type":"SearchAction","target":{"@type":"EntryPoint","urlTemplate":"https:\/\/unisangil.edu.co\/?s={search_term_string}"},"query-input":{"@type":"PropertyValueSpecification","valueRequired":true,"valueName":"search_term_string"}}],"inLanguage":"es-CO"},{"@type":"Organization","@id":"https:\/\/unisangil.edu.co\/#organization","name":"UNISANGIL","url":"https:\/\/unisangil.edu.co\/","logo":{"@type":"ImageObject","inLanguage":"es-CO","@id":"https:\/\/unisangil.edu.co\/#\/schema\/logo\/image\/","url":"https:\/\/unisangil.edu.co\/wp-content\/uploads\/2023\/06\/LOGO-UNISANGIL-WEB-1-2.png","contentUrl":"https:\/\/unisangil.edu.co\/wp-content\/uploads\/2023\/06\/LOGO-UNISANGIL-WEB-1-2.png","width":1250,"height":1250,"caption":"UNISANGIL"},"image":{"@id":"https:\/\/unisangil.edu.co\/#\/schema\/logo\/image\/"},"sameAs":["https:\/\/www.facebook.com\/UNISANGIL","https:\/\/x.com\/UNISANGIL"]}]}},"_links":{"self":[{"href":"https:\/\/unisangil.edu.co\/index.php?rest_route=\/wp\/v2\/pages\/21476"}],"collection":[{"href":"https:\/\/unisangil.edu.co\/index.php?rest_route=\/wp\/v2\/pages"}],"about":[{"href":"https:\/\/unisangil.edu.co\/index.php?rest_route=\/wp\/v2\/types\/page"}],"author":[{"embeddable":true,"href":"https:\/\/unisangil.edu.co\/index.php?rest_route=\/wp\/v2\/users\/2"}],"replies":[{"embeddable":true,"href":"https:\/\/unisangil.edu.co\/index.php?rest_route=%2Fwp%2Fv2%2Fcomments&post=21476"}],"version-history":[{"count":108,"href":"https:\/\/unisangil.edu.co\/index.php?rest_route=\/wp\/v2\/pages\/21476\/revisions"}],"predecessor-version":[{"id":23948,"href":"https:\/\/unisangil.edu.co\/index.php?rest_route=\/wp\/v2\/pages\/21476\/revisions\/23948"}],"wp:attachment":[{"href":"https:\/\/unisangil.edu.co\/index.php?rest_route=%2Fwp%2Fv2%2Fmedia&parent=21476"}],"curies":[{"name":"wp","href":"https:\/\/api.w.org\/{rel}","templated":true}]}}